{"id":78,"date":"2025-10-16T01:33:03","date_gmt":"2025-10-16T01:33:03","guid":{"rendered":"https:\/\/estudionoh.com\/home\/?page_id=78"},"modified":"2025-10-21T16:34:16","modified_gmt":"2025-10-21T16:34:16","slug":"contato","status":"publish","type":"page","link":"https:\/\/estudionoh.com\/home\/contato\/","title":{"rendered":"Contato"},"content":{"rendered":"\t\t<div data-elementor-type=\"wp-page\" data-elementor-id=\"78\" class=\"elementor elementor-78\" data-elementor-post-type=\"page\">\n\t\t\t\t<div class=\"elementor-element elementor-element-53b7699 e-flex e-con-boxed e-con e-parent\" data-id=\"53b7699\" data-element_type=\"container\" data-settings=\"{&quot;background_background&quot;:&quot;classic&quot;}\">\n\t\t\t\t\t<div class=\"e-con-inner\">\n\t\t<div class=\"elementor-element elementor-element-b391a9e e-con-full e-flex e-con e-child\" data-id=\"b391a9e\" data-element_type=\"container\">\n\t\t<div class=\"elementor-element elementor-element-77418d4 e-grid e-con-full e-con e-child\" data-id=\"77418d4\" data-element_type=\"container\">\n\t\t<div class=\"elementor-element elementor-element-620b492 e-con-full e-flex e-con e-child\" data-id=\"620b492\" data-element_type=\"container\">\n\t\t\t\t<div class=\"elementor-element elementor-element-e0e6fb0 elementor-widget__width-initial elementor-widget elementor-widget-text-editor\" data-id=\"e0e6fb0\" data-element_type=\"widget\" data-widget_type=\"text-editor.default\">\n\t\t\t\t\t\t\t\t\t<p>Pronto para dar um Noh nas suas Ideias?<\/p>\t\t\t\t\t\t\t\t<\/div>\n\t\t\t\t<div class=\"elementor-element elementor-element-c7fa45a elementor-widget elementor-widget-text-editor\" data-id=\"c7fa45a\" data-element_type=\"widget\" data-widget_type=\"text-editor.default\">\n\t\t\t\t\t\t\t\t\t<p>N\u00e3o importa se voc\u00ea j\u00e1 tem um <i>briefing<\/i> pronto ou se est\u00e1 apenas come\u00e7ando a rascunhar seus sonhos: estamos prontos para oferecer solu\u00e7\u00f5es sob medida para o seu projeto.\u00a0<\/p>\t\t\t\t\t\t\t\t<\/div>\n\t\t\t\t<div class=\"elementor-element elementor-element-22eea36 elementor-widget elementor-widget-text-editor\" data-id=\"22eea36\" data-element_type=\"widget\" data-widget_type=\"text-editor.default\">\n\t\t\t\t\t\t\t\t\t<p>Pe\u00e7a agora seu Or\u00e7amento Ag\u00eancia Marketing Digital e descubra como o nosso Est\u00fadio podem transformar a ess\u00eancia do seu neg\u00f3cio.<\/p>\t\t\t\t\t\t\t\t<\/div>\n\t\t\t\t<\/div>\n\t\t\t\t<div class=\"elementor-element elementor-element-7afced2 elementor-button-align-stretch elementor-widget elementor-widget-form\" data-id=\"7afced2\" data-element_type=\"widget\" data-settings=\"{&quot;step_next_label&quot;:&quot;Next&quot;,&quot;step_previous_label&quot;:&quot;Previous&quot;,&quot;button_width&quot;:&quot;100&quot;,&quot;step_type&quot;:&quot;number_text&quot;,&quot;step_icon_shape&quot;:&quot;circle&quot;}\" data-widget_type=\"form.default\">\n\t\t\t\t\t\t\t<form class=\"elementor-form\" method=\"post\" name=\"New Form\" aria-label=\"New Form\">\n\t\t\t<input type=\"hidden\" name=\"post_id\" value=\"78\"\/>\n\t\t\t<input type=\"hidden\" name=\"form_id\" value=\"7afced2\"\/>\n\t\t\t<input type=\"hidden\" name=\"referer_title\" value=\"Or\u00e7amento Ag\u00eancia Marketing Digital | Fale Conosco | noh\" \/>\n\n\t\t\t\t\t\t\t<input type=\"hidden\" name=\"queried_id\" value=\"78\"\/>\n\t\t\t\n\t\t\t<div class=\"elementor-form-fields-wrapper elementor-labels-above\">\n\t\t\t\t\t\t\t\t<div class=\"elementor-field-type-text elementor-field-group elementor-column elementor-field-group-name elementor-col-100 elementor-field-required elementor-mark-required\">\n\t\t\t\t\t\t\t\t\t\t\t\t<label for=\"form-field-name\" class=\"elementor-field-label\">\n\t\t\t\t\t\t\t\tNome\t\t\t\t\t\t\t<\/label>\n\t\t\t\t\t\t\t\t\t\t\t\t\t\t<input size=\"1\" type=\"text\" name=\"form_fields[name]\" id=\"form-field-name\" class=\"elementor-field elementor-size-sm  elementor-field-textual\" placeholder=\"Name\" required=\"required\">\n\t\t\t\t\t\t\t\t\t\t\t<\/div>\n\t\t\t\t\t\t\t\t<div class=\"elementor-field-type-email elementor-field-group elementor-column elementor-field-group-email elementor-col-100 elementor-field-required elementor-mark-required\">\n\t\t\t\t\t\t\t\t\t\t\t\t<label for=\"form-field-email\" class=\"elementor-field-label\">\n\t\t\t\t\t\t\t\tEmail\t\t\t\t\t\t\t<\/label>\n\t\t\t\t\t\t\t\t\t\t\t\t\t\t<input size=\"1\" type=\"email\" name=\"form_fields[email]\" id=\"form-field-email\" class=\"elementor-field elementor-size-sm  elementor-field-textual\" placeholder=\"Email\" required=\"required\">\n\t\t\t\t\t\t\t\t\t\t\t<\/div>\n\t\t\t\t\t\t\t\t<div class=\"elementor-field-type-textarea elementor-field-group elementor-column elementor-field-group-message elementor-col-100 elementor-field-required elementor-mark-required\">\n\t\t\t\t\t\t\t\t\t\t\t\t<label for=\"form-field-message\" class=\"elementor-field-label\">\n\t\t\t\t\t\t\t\tMensagem\t\t\t\t\t\t\t<\/label>\n\t\t\t\t\t\t<textarea class=\"elementor-field-textual elementor-field  elementor-size-sm\" name=\"form_fields[message]\" id=\"form-field-message\" rows=\"5\" placeholder=\"Message\" required=\"required\"><\/textarea>\t\t\t\t<\/div>\n\t\t\t\t\t\t\t\t<div class=\"elementor-field-type-recaptcha_v3 elementor-field-group elementor-column elementor-field-group-field_4dd907c elementor-col-100 recaptcha_v3-bottomright\">\n\t\t\t\t\t<div class=\"elementor-field\" id=\"form-field-field_4dd907c\"><div class=\"elementor-g-recaptcha\" data-sitekey=\"6LfDt-wrAAAAAF5gHlPiGAGZZ3LfGPQibXK2YfCl\" data-type=\"v3\" data-action=\"Form\" data-badge=\"bottomright\" data-size=\"invisible\"><\/div><\/div>\t\t\t\t<\/div>\n\t\t\t\t\t\t\t\t<div class=\"elementor-field-group elementor-column elementor-field-type-submit elementor-col-100 e-form__buttons\">\n\t\t\t\t\t<button class=\"elementor-button elementor-size-sm\" type=\"submit\">\n\t\t\t\t\t\t<span class=\"elementor-button-content-wrapper\">\n\t\t\t\t\t\t\t\t\t\t\t\t\t\t\t\t\t\t\t\t\t\t<span class=\"elementor-button-text\">Enviar<\/span>\n\t\t\t\t\t\t\t\t\t\t\t\t\t<\/span>\n\t\t\t\t\t<\/button>\n\t\t\t\t<\/div>\n\t\t\t<\/div>\n\t\t<\/form>\n\t\t\t\t\t\t<\/div>\n\t\t\t\t<\/div>\n\t\t\t\t<\/div>\n\t\t<div class=\"elementor-element elementor-element-9a73be7 e-con-full e-flex e-con e-child\" data-id=\"9a73be7\" data-element_type=\"container\">\n\t\t\t\t<div class=\"elementor-element elementor-element-a9c1d9f elementor-view-default elementor-widget elementor-widget-icon\" data-id=\"a9c1d9f\" data-element_type=\"widget\" data-widget_type=\"icon.default\">\n\t\t\t\t\t\t\t<div class=\"elementor-icon-wrapper\">\n\t\t\t<a class=\"elementor-icon\" href=\"https:\/\/wa.me\/+5511947227094\">\n\t\t\t<svg aria-hidden=\"true\" class=\"e-font-icon-svg e-fab-whatsapp\" viewBox=\"0 0 448 512\" xmlns=\"http:\/\/www.w3.org\/2000\/svg\"><path d=\"M380.9 97.1C339 55.1 283.2 32 223.9 32c-122.4 0-222 99.6-222 222 0 39.1 10.2 77.3 29.6 111L0 480l117.7-30.9c32.4 17.7 68.9 27 106.1 27h.1c122.3 0 224.1-99.6 224.1-222 0-59.3-25.2-115-67.1-157zm-157 341.6c-33.2 0-65.7-8.9-94-25.7l-6.7-4-69.8 18.3L72 359.2l-4.4-7c-18.5-29.4-28.2-63.3-28.2-98.2 0-101.7 82.8-184.5 184.6-184.5 49.3 0 95.6 19.2 130.4 54.1 34.8 34.9 56.2 81.2 56.1 130.5 0 101.8-84.9 184.6-186.6 184.6zm101.2-138.2c-5.5-2.8-32.8-16.2-37.9-18-5.1-1.9-8.8-2.8-12.5 2.8-3.7 5.6-14.3 18-17.6 21.8-3.2 3.7-6.5 4.2-12 1.4-32.6-16.3-54-29.1-75.5-66-5.7-9.8 5.7-9.1 16.3-30.3 1.8-3.7.9-6.9-.5-9.7-1.4-2.8-12.5-30.1-17.1-41.2-4.5-10.8-9.1-9.3-12.5-9.5-3.2-.2-6.9-.2-10.6-.2-3.7 0-9.7 1.4-14.8 6.9-5.1 5.6-19.4 19-19.4 46.3 0 27.3 19.9 53.7 22.6 57.4 2.8 3.7 39.1 59.7 94.8 83.8 35.2 15.2 49 16.5 66.6 13.9 10.7-1.6 32.8-13.4 37.4-26.4 4.6-13 4.6-24.1 3.2-26.4-1.3-2.5-5-3.9-10.5-6.6z\"><\/path><\/svg>\t\t\t<\/a>\n\t\t<\/div>\n\t\t\t\t\t\t<\/div>\n\t\t\t\t<div class=\"elementor-element elementor-element-3c439d1 elementor-view-default elementor-widget elementor-widget-icon\" data-id=\"3c439d1\" data-element_type=\"widget\" data-widget_type=\"icon.default\">\n\t\t\t\t\t\t\t<div class=\"elementor-icon-wrapper\">\n\t\t\t<a class=\"elementor-icon\" href=\"https:\/\/www.linkedin.com\/company\/estudio-noh\">\n\t\t\t<svg aria-hidden=\"true\" class=\"e-font-icon-svg e-fab-linkedin\" viewBox=\"0 0 448 512\" xmlns=\"http:\/\/www.w3.org\/2000\/svg\"><path d=\"M416 32H31.9C14.3 32 0 46.5 0 64.3v383.4C0 465.5 14.3 480 31.9 480H416c17.6 0 32-14.5 32-32.3V64.3c0-17.8-14.4-32.3-32-32.3zM135.4 416H69V202.2h66.5V416zm-33.2-243c-21.3 0-38.5-17.3-38.5-38.5S80.9 96 102.2 96c21.2 0 38.5 17.3 38.5 38.5 0 21.3-17.2 38.5-38.5 38.5zm282.1 243h-66.4V312c0-24.8-.5-56.7-34.5-56.7-34.6 0-39.9 27-39.9 54.9V416h-66.4V202.2h63.7v29.2h.9c8.9-16.8 30.6-34.5 62.9-34.5 67.2 0 79.7 44.3 79.7 101.9V416z\"><\/path><\/svg>\t\t\t<\/a>\n\t\t<\/div>\n\t\t\t\t\t\t<\/div>\n\t\t\t\t<div class=\"elementor-element elementor-element-fde64ee elementor-view-default elementor-widget elementor-widget-icon\" data-id=\"fde64ee\" data-element_type=\"widget\" data-widget_type=\"icon.default\">\n\t\t\t\t\t\t\t<div class=\"elementor-icon-wrapper\">\n\t\t\t<a class=\"elementor-icon\" href=\"https:\/\/www.instagram.com\/noh.estudio\">\n\t\t\t<svg aria-hidden=\"true\" class=\"e-font-icon-svg e-fab-instagram\" viewBox=\"0 0 448 512\" xmlns=\"http:\/\/www.w3.org\/2000\/svg\"><path d=\"M224.1 141c-63.6 0-114.9 51.3-114.9 114.9s51.3 114.9 114.9 114.9S339 319.5 339 255.9 287.7 141 224.1 141zm0 189.6c-41.1 0-74.7-33.5-74.7-74.7s33.5-74.7 74.7-74.7 74.7 33.5 74.7 74.7-33.6 74.7-74.7 74.7zm146.4-194.3c0 14.9-12 26.8-26.8 26.8-14.9 0-26.8-12-26.8-26.8s12-26.8 26.8-26.8 26.8 12 26.8 26.8zm76.1 27.2c-1.7-35.9-9.9-67.7-36.2-93.9-26.2-26.2-58-34.4-93.9-36.2-37-2.1-147.9-2.1-184.9 0-35.8 1.7-67.6 9.9-93.9 36.1s-34.4 58-36.2 93.9c-2.1 37-2.1 147.9 0 184.9 1.7 35.9 9.9 67.7 36.2 93.9s58 34.4 93.9 36.2c37 2.1 147.9 2.1 184.9 0 35.9-1.7 67.7-9.9 93.9-36.2 26.2-26.2 34.4-58 36.2-93.9 2.1-37 2.1-147.8 0-184.8zM398.8 388c-7.8 19.6-22.9 34.7-42.6 42.6-29.5 11.7-99.5 9-132.1 9s-102.7 2.6-132.1-9c-19.6-7.8-34.7-22.9-42.6-42.6-11.7-29.5-9-99.5-9-132.1s-2.6-102.7 9-132.1c7.8-19.6 22.9-34.7 42.6-42.6 29.5-11.7 99.5-9 132.1-9s102.7-2.6 132.1 9c19.6 7.8 34.7 22.9 42.6 42.6 11.7 29.5 9 99.5 9 132.1s2.7 102.7-9 132.1z\"><\/path><\/svg>\t\t\t<\/a>\n\t\t<\/div>\n\t\t\t\t\t\t<\/div>\n\t\t\t\t<div class=\"elementor-element elementor-element-c4cb983 elementor-view-default elementor-widget elementor-widget-icon\" data-id=\"c4cb983\" data-element_type=\"widget\" data-widget_type=\"icon.default\">\n\t\t\t\t\t\t\t<div class=\"elementor-icon-wrapper\">\n\t\t\t<a class=\"elementor-icon\" href=\"mailto:contato@estudionoh.com\">\n\t\t\t<svg aria-hidden=\"true\" class=\"e-font-icon-svg e-fas-mail-bulk\" viewBox=\"0 0 576 512\" xmlns=\"http:\/\/www.w3.org\/2000\/svg\"><path d=\"M160 448c-25.6 0-51.2-22.4-64-32-64-44.8-83.2-60.8-96-70.4V480c0 17.67 14.33 32 32 32h256c17.67 0 32-14.33 32-32V345.6c-12.8 9.6-32 25.6-96 70.4-12.8 9.6-38.4 32-64 32zm128-192H32c-17.67 0-32 14.33-32 32v16c25.6 19.2 22.4 19.2 115.2 86.4 9.6 6.4 28.8 25.6 44.8 25.6s35.2-19.2 44.8-22.4c92.8-67.2 89.6-67.2 115.2-86.4V288c0-17.67-14.33-32-32-32zm256-96H224c-17.67 0-32 14.33-32 32v32h96c33.21 0 60.59 25.42 63.71 57.82l.29-.22V416h192c17.67 0 32-14.33 32-32V192c0-17.67-14.33-32-32-32zm-32 128h-64v-64h64v64zm-352-96c0-35.29 28.71-64 64-64h224V32c0-17.67-14.33-32-32-32H96C78.33 0 64 14.33 64 32v192h96v-32z\"><\/path><\/svg>\t\t\t<\/a>\n\t\t<\/div>\n\t\t\t\t\t\t<\/div>\n\t\t\t\t<\/div>\n\t\t\t\t\t<\/div>\n\t\t\t\t<\/div>\n\t\t\t\t<\/div>\n\t\t","protected":false},"excerpt":{"rendered":"<p>Pronto para dar um Noh nas suas Ideias? N\u00e3o importa se voc\u00ea j\u00e1 tem um briefing pronto ou se est\u00e1 [&hellip;]<\/p>\n","protected":false},"author":1,"featured_media":119,"parent":0,"menu_order":0,"comment_status":"closed","ping_status":"closed","template":"","meta":{"_uag_custom_page_level_css":"","site-sidebar-layout":"no-sidebar","site-content-layout":"","ast-site-content-layout":"full-width-container","site-content-style":"default","site-sidebar-style":"default","ast-global-header-display":"","ast-banner-title-visibility":"","ast-main-header-display":"","ast-hfb-above-header-display":"","ast-hfb-below-header-display":"","ast-hfb-mobile-header-display":"","site-post-title":"disabled","ast-breadcrumbs-content":"","ast-featured-img":"disabled","footer-sml-layout":"","theme-transparent-header-meta":"","adv-header-id-meta":"","stick-header-meta":"","header-above-stick-meta":"","header-main-stick-meta":"","header-below-stick-meta":"","astra-migrate-meta-layouts":"default","ast-page-background-enabled":"default","ast-page-background-meta":{"desktop":{"background-color":"var(--ast-global-color-5)","background-image":"","background-repeat":"repeat","background-position":"center center","background-size":"auto","background-attachment":"scroll","background-type":"","background-media":"","overlay-type":"","overlay-color":"","overlay-opacity":"","overlay-gradient":""},"tablet":{"background-color":"","background-image":"","background-repeat":"repeat","background-position":"center center","background-size":"auto","background-attachment":"scroll","background-type":"","background-media":"","overlay-type":"","overlay-color":"","overlay-opacity":"","overlay-gradient":""},"mobile":{"background-color":"","background-image":"","background-repeat":"repeat","background-position":"center center","background-size":"auto","background-attachment":"scroll","background-type":"","background-media":"","overlay-type":"","overlay-color":"","overlay-opacity":"","overlay-gradient":""}},"ast-content-background-meta":{"desktop":{"background-color":"var(--ast-global-color-4)","background-image":"","background-repeat":"repeat","background-position":"center center","background-size":"auto","background-attachment":"scroll","background-type":"","background-media":"","overlay-type":"","overlay-color":"","overlay-opacity":"","overlay-gradient":""},"tablet":{"background-color":"var(--ast-global-color-4)","background-image":"","background-repeat":"repeat","background-position":"center center","background-size":"auto","background-attachment":"scroll","background-type":"","background-media":"","overlay-type":"","overlay-color":"","overlay-opacity":"","overlay-gradient":""},"mobile":{"background-color":"var(--ast-global-color-4)","background-image":"","background-repeat":"repeat","background-position":"center center","background-size":"auto","background-attachment":"scroll","background-type":"","background-media":"","overlay-type":"","overlay-color":"","overlay-opacity":"","overlay-gradient":""}},"footnotes":""},"class_list":["post-78","page","type-page","status-publish","has-post-thumbnail","hentry"],"yoast_head":"<!-- This site is optimized with the Yoast SEO plugin v26.1.1 - https:\/\/yoast.com\/wordpress\/plugins\/seo\/ -->\n<title>Or\u00e7amento Ag\u00eancia Marketing Digital | Fale Conosco | noh<\/title>\n<meta name=\"description\" content=\"Pronto para dar um noh nas suas ideias? Pe\u00e7a seu Or\u00e7amento Ag\u00eancia Marketing Digital e Branding. Transpar\u00eancia, escuta ativa e solu\u00e7\u00f5es sob medida.\" \/>\n<meta name=\"robots\" content=\"index, follow, max-snippet:-1, max-image-preview:large, max-video-preview:-1\" \/>\n<link rel=\"canonical\" href=\"https:\/\/estudionoh.com\/home\/contato\/\" \/>\n<meta property=\"og:locale\" content=\"pt_BR\" \/>\n<meta property=\"og:type\" content=\"article\" \/>\n<meta property=\"og:title\" content=\"Or\u00e7amento Ag\u00eancia Marketing Digital | Fale Conosco | noh\" \/>\n<meta property=\"og:description\" content=\"Pronto para dar um noh nas suas ideias? Pe\u00e7a seu Or\u00e7amento Ag\u00eancia Marketing Digital e Branding. Transpar\u00eancia, escuta ativa e solu\u00e7\u00f5es sob medida.\" \/>\n<meta property=\"og:url\" content=\"https:\/\/estudionoh.com\/home\/contato\/\" \/>\n<meta property=\"og:site_name\" content=\"Est\u00fadio Noh\" \/>\n<meta property=\"article:modified_time\" content=\"2025-10-21T16:34:16+00:00\" \/>\n<meta property=\"og:image\" content=\"https:\/\/estudionoh.com\/wp-content\/uploads\/2025\/10\/noh.png\" \/>\n\t<meta property=\"og:image:width\" content=\"1256\" \/>\n\t<meta property=\"og:image:height\" content=\"1256\" \/>\n\t<meta property=\"og:image:type\" content=\"image\/png\" \/>\n<meta name=\"twitter:card\" content=\"summary_large_image\" \/>\n<meta name=\"twitter:label1\" content=\"Est. tempo de leitura\" \/>\n\t<meta name=\"twitter:data1\" content=\"1 minuto\" \/>\n<script type=\"application\/ld+json\" class=\"yoast-schema-graph\">{\"@context\":\"https:\/\/schema.org\",\"@graph\":[{\"@type\":\"WebPage\",\"@id\":\"https:\/\/estudionoh.com\/home\/contato\/\",\"url\":\"https:\/\/estudionoh.com\/home\/contato\/\",\"name\":\"Or\u00e7amento Ag\u00eancia Marketing Digital | Fale Conosco | noh\",\"isPartOf\":{\"@id\":\"https:\/\/navajowhite-wolverine-552096.hostingersite.com\/home\/#website\"},\"primaryImageOfPage\":{\"@id\":\"https:\/\/estudionoh.com\/home\/contato\/#primaryimage\"},\"image\":{\"@id\":\"https:\/\/estudionoh.com\/home\/contato\/#primaryimage\"},\"thumbnailUrl\":\"https:\/\/estudionoh.com\/wp-content\/uploads\/2025\/10\/noh.png\",\"datePublished\":\"2025-10-16T01:33:03+00:00\",\"dateModified\":\"2025-10-21T16:34:16+00:00\",\"description\":\"Pronto para dar um noh nas suas ideias? Pe\u00e7a seu Or\u00e7amento Ag\u00eancia Marketing Digital e Branding. Transpar\u00eancia, escuta ativa e solu\u00e7\u00f5es sob medida.\",\"breadcrumb\":{\"@id\":\"https:\/\/estudionoh.com\/home\/contato\/#breadcrumb\"},\"inLanguage\":\"pt-BR\",\"potentialAction\":[{\"@type\":\"ReadAction\",\"target\":[\"https:\/\/estudionoh.com\/home\/contato\/\"]}]},{\"@type\":\"ImageObject\",\"inLanguage\":\"pt-BR\",\"@id\":\"https:\/\/estudionoh.com\/home\/contato\/#primaryimage\",\"url\":\"https:\/\/estudionoh.com\/wp-content\/uploads\/2025\/10\/noh.png\",\"contentUrl\":\"https:\/\/estudionoh.com\/wp-content\/uploads\/2025\/10\/noh.png\",\"width\":1256,\"height\":1256},{\"@type\":\"BreadcrumbList\",\"@id\":\"https:\/\/estudionoh.com\/home\/contato\/#breadcrumb\",\"itemListElement\":[{\"@type\":\"ListItem\",\"position\":1,\"name\":\"In\u00edcio\",\"item\":\"https:\/\/navajowhite-wolverine-552096.hostingersite.com\/home\/\"},{\"@type\":\"ListItem\",\"position\":2,\"name\":\"Contato\"}]},{\"@type\":\"WebSite\",\"@id\":\"https:\/\/navajowhite-wolverine-552096.hostingersite.com\/home\/#website\",\"url\":\"https:\/\/navajowhite-wolverine-552096.hostingersite.com\/home\/\",\"name\":\"Est\u00fadio Noh\",\"description\":\"Site o est\u00fadio Noh, uma g\u00eancia de Marketing e Design 360\",\"publisher\":{\"@id\":\"https:\/\/navajowhite-wolverine-552096.hostingersite.com\/home\/#organization\"},\"alternateName\":\"Noh\",\"potentialAction\":[{\"@type\":\"SearchAction\",\"target\":{\"@type\":\"EntryPoint\",\"urlTemplate\":\"https:\/\/navajowhite-wolverine-552096.hostingersite.com\/home\/?s={search_term_string}\"},\"query-input\":{\"@type\":\"PropertyValueSpecification\",\"valueRequired\":true,\"valueName\":\"search_term_string\"}}],\"inLanguage\":\"pt-BR\"},{\"@type\":\"Organization\",\"@id\":\"https:\/\/navajowhite-wolverine-552096.hostingersite.com\/home\/#organization\",\"name\":\"Est\u00fadio Noh\",\"url\":\"https:\/\/navajowhite-wolverine-552096.hostingersite.com\/home\/\",\"logo\":{\"@type\":\"ImageObject\",\"inLanguage\":\"pt-BR\",\"@id\":\"https:\/\/navajowhite-wolverine-552096.hostingersite.com\/home\/#\/schema\/logo\/image\/\",\"url\":\"https:\/\/estudionoh.com\/wp-content\/uploads\/2025\/10\/noh.png\",\"contentUrl\":\"https:\/\/estudionoh.com\/wp-content\/uploads\/2025\/10\/noh.png\",\"width\":1256,\"height\":1256,\"caption\":\"Est\u00fadio Noh\"},\"image\":{\"@id\":\"https:\/\/navajowhite-wolverine-552096.hostingersite.com\/home\/#\/schema\/logo\/image\/\"},\"sameAs\":[\"https:\/\/www.instagram.com\/noh.estudio\",\"https:\/\/www.linkedin.com\/company\/estudio-noh\"]}]}<\/script>\n<!-- \/ Yoast SEO plugin. -->","yoast_head_json":{"title":"Or\u00e7amento Ag\u00eancia Marketing Digital | Fale Conosco | noh","description":"Pronto para dar um noh nas suas ideias? Pe\u00e7a seu Or\u00e7amento Ag\u00eancia Marketing Digital e Branding. Transpar\u00eancia, escuta ativa e solu\u00e7\u00f5es sob medida.","robots":{"index":"index","follow":"follow","max-snippet":"max-snippet:-1","max-image-preview":"max-image-preview:large","max-video-preview":"max-video-preview:-1"},"canonical":"https:\/\/estudionoh.com\/home\/contato\/","og_locale":"pt_BR","og_type":"article","og_title":"Or\u00e7amento Ag\u00eancia Marketing Digital | Fale Conosco | noh","og_description":"Pronto para dar um noh nas suas ideias? Pe\u00e7a seu Or\u00e7amento Ag\u00eancia Marketing Digital e Branding. Transpar\u00eancia, escuta ativa e solu\u00e7\u00f5es sob medida.","og_url":"https:\/\/estudionoh.com\/home\/contato\/","og_site_name":"Est\u00fadio Noh","article_modified_time":"2025-10-21T16:34:16+00:00","og_image":[{"width":1256,"height":1256,"url":"https:\/\/estudionoh.com\/wp-content\/uploads\/2025\/10\/noh.png","type":"image\/png"}],"twitter_card":"summary_large_image","twitter_misc":{"Est. tempo de leitura":"1 minuto"},"schema":{"@context":"https:\/\/schema.org","@graph":[{"@type":"WebPage","@id":"https:\/\/estudionoh.com\/home\/contato\/","url":"https:\/\/estudionoh.com\/home\/contato\/","name":"Or\u00e7amento Ag\u00eancia Marketing Digital | Fale Conosco | noh","isPartOf":{"@id":"https:\/\/navajowhite-wolverine-552096.hostingersite.com\/home\/#website"},"primaryImageOfPage":{"@id":"https:\/\/estudionoh.com\/home\/contato\/#primaryimage"},"image":{"@id":"https:\/\/estudionoh.com\/home\/contato\/#primaryimage"},"thumbnailUrl":"https:\/\/estudionoh.com\/wp-content\/uploads\/2025\/10\/noh.png","datePublished":"2025-10-16T01:33:03+00:00","dateModified":"2025-10-21T16:34:16+00:00","description":"Pronto para dar um noh nas suas ideias? Pe\u00e7a seu Or\u00e7amento Ag\u00eancia Marketing Digital e Branding. Transpar\u00eancia, escuta ativa e solu\u00e7\u00f5es sob medida.","breadcrumb":{"@id":"https:\/\/estudionoh.com\/home\/contato\/#breadcrumb"},"inLanguage":"pt-BR","potentialAction":[{"@type":"ReadAction","target":["https:\/\/estudionoh.com\/home\/contato\/"]}]},{"@type":"ImageObject","inLanguage":"pt-BR","@id":"https:\/\/estudionoh.com\/home\/contato\/#primaryimage","url":"https:\/\/estudionoh.com\/wp-content\/uploads\/2025\/10\/noh.png","contentUrl":"https:\/\/estudionoh.com\/wp-content\/uploads\/2025\/10\/noh.png","width":1256,"height":1256},{"@type":"BreadcrumbList","@id":"https:\/\/estudionoh.com\/home\/contato\/#breadcrumb","itemListElement":[{"@type":"ListItem","position":1,"name":"In\u00edcio","item":"https:\/\/navajowhite-wolverine-552096.hostingersite.com\/home\/"},{"@type":"ListItem","position":2,"name":"Contato"}]},{"@type":"WebSite","@id":"https:\/\/navajowhite-wolverine-552096.hostingersite.com\/home\/#website","url":"https:\/\/navajowhite-wolverine-552096.hostingersite.com\/home\/","name":"Est\u00fadio Noh","description":"Site o est\u00fadio Noh, uma g\u00eancia de Marketing e Design 360","publisher":{"@id":"https:\/\/navajowhite-wolverine-552096.hostingersite.com\/home\/#organization"},"alternateName":"Noh","potentialAction":[{"@type":"SearchAction","target":{"@type":"EntryPoint","urlTemplate":"https:\/\/navajowhite-wolverine-552096.hostingersite.com\/home\/?s={search_term_string}"},"query-input":{"@type":"PropertyValueSpecification","valueRequired":true,"valueName":"search_term_string"}}],"inLanguage":"pt-BR"},{"@type":"Organization","@id":"https:\/\/navajowhite-wolverine-552096.hostingersite.com\/home\/#organization","name":"Est\u00fadio Noh","url":"https:\/\/navajowhite-wolverine-552096.hostingersite.com\/home\/","logo":{"@type":"ImageObject","inLanguage":"pt-BR","@id":"https:\/\/navajowhite-wolverine-552096.hostingersite.com\/home\/#\/schema\/logo\/image\/","url":"https:\/\/estudionoh.com\/wp-content\/uploads\/2025\/10\/noh.png","contentUrl":"https:\/\/estudionoh.com\/wp-content\/uploads\/2025\/10\/noh.png","width":1256,"height":1256,"caption":"Est\u00fadio Noh"},"image":{"@id":"https:\/\/navajowhite-wolverine-552096.hostingersite.com\/home\/#\/schema\/logo\/image\/"},"sameAs":["https:\/\/www.instagram.com\/noh.estudio","https:\/\/www.linkedin.com\/company\/estudio-noh"]}]}},"_hostinger_reach_plugin_has_subscription_block":false,"_hostinger_reach_plugin_is_elementor":false,"uagb_featured_image_src":{"full":["https:\/\/estudionoh.com\/wp-content\/uploads\/2025\/10\/noh.png",1256,1256,false],"thumbnail":["https:\/\/estudionoh.com\/wp-content\/uploads\/2025\/10\/noh-150x150.png",150,150,true],"medium":["https:\/\/estudionoh.com\/wp-content\/uploads\/2025\/10\/noh-300x300.png",300,300,true],"medium_large":["https:\/\/estudionoh.com\/wp-content\/uploads\/2025\/10\/noh-768x768.png",768,768,true],"large":["https:\/\/estudionoh.com\/wp-content\/uploads\/2025\/10\/noh-1024x1024.png",1024,1024,true],"1536x1536":["https:\/\/estudionoh.com\/wp-content\/uploads\/2025\/10\/noh.png",1256,1256,false],"2048x2048":["https:\/\/estudionoh.com\/wp-content\/uploads\/2025\/10\/noh.png",1256,1256,false]},"uagb_author_info":{"display_name":"estudionooh@gmail.com","author_link":"https:\/\/estudionoh.com\/home\/author\/estudionoohgmail-com\/"},"uagb_comment_info":0,"uagb_excerpt":"Pronto para dar um Noh nas suas Ideias? N\u00e3o importa se voc\u00ea j\u00e1 tem um briefing pronto ou se est\u00e1 [&hellip;]","_links":{"self":[{"href":"https:\/\/estudionoh.com\/home\/wp-json\/wp\/v2\/pages\/78","targetHints":{"allow":["GET"]}}],"collection":[{"href":"https:\/\/estudionoh.com\/home\/wp-json\/wp\/v2\/pages"}],"about":[{"href":"https:\/\/estudionoh.com\/home\/wp-json\/wp\/v2\/types\/page"}],"author":[{"embeddable":true,"href":"https:\/\/estudionoh.com\/home\/wp-json\/wp\/v2\/users\/1"}],"replies":[{"embeddable":true,"href":"https:\/\/estudionoh.com\/home\/wp-json\/wp\/v2\/comments?post=78"}],"version-history":[{"count":23,"href":"https:\/\/estudionoh.com\/home\/wp-json\/wp\/v2\/pages\/78\/revisions"}],"predecessor-version":[{"id":161,"href":"https:\/\/estudionoh.com\/home\/wp-json\/wp\/v2\/pages\/78\/revisions\/161"}],"wp:featuredmedia":[{"embeddable":true,"href":"https:\/\/estudionoh.com\/home\/wp-json\/wp\/v2\/media\/119"}],"wp:attachment":[{"href":"https:\/\/estudionoh.com\/home\/wp-json\/wp\/v2\/media?parent=78"}],"curies":[{"name":"wp","href":"https:\/\/api.w.org\/{rel}","templated":true}]}}