{"id":48,"date":"2025-10-15T23:56:55","date_gmt":"2025-10-15T23:56:55","guid":{"rendered":"https:\/\/estudionoh.com\/home\/?page_id=48"},"modified":"2025-10-21T15:59:03","modified_gmt":"2025-10-21T15:59:03","slug":"projeto-eduque","status":"publish","type":"page","link":"https:\/\/estudionoh.com\/home\/projeto-eduque\/","title":{"rendered":"Projeto | Portal Eduque"},"content":{"rendered":"\t\t<div data-elementor-type=\"wp-page\" data-elementor-id=\"48\" class=\"elementor elementor-48\" data-elementor-post-type=\"page\">\n\t\t\t\t<div class=\"elementor-element elementor-element-6130004 e-flex e-con-boxed e-con e-parent\" data-id=\"6130004\" data-element_type=\"container\" data-settings=\"{&quot;background_background&quot;:&quot;classic&quot;}\">\n\t\t\t\t\t<div class=\"e-con-inner\">\n\t\t<div class=\"elementor-element elementor-element-8d3c582 e-con-full e-flex e-con e-child\" data-id=\"8d3c582\" data-element_type=\"container\">\n\t\t\t\t<div class=\"elementor-element elementor-element-4aa9da1 elementor-widget elementor-widget-heading\" data-id=\"4aa9da1\" data-element_type=\"widget\" data-widget_type=\"heading.default\">\n\t\t\t\t\t<h2 class=\"elementor-heading-title elementor-size-default\">Eduque | Branding e UX&amp;UI<\/h2>\t\t\t\t<\/div>\n\t\t\t\t<div class=\"elementor-element elementor-element-a0aab69 elementor-widget elementor-widget-text-editor\" data-id=\"a0aab69\" data-element_type=\"widget\" data-widget_type=\"text-editor.default\">\n\t\t\t\t\t\t\t\t\t<p>Como a noh criou o Eduque, a plataforma de atividades educacionais personalizadas que otimiza o tempo do Professor<\/p>\t\t\t\t\t\t\t\t<\/div>\n\t\t\t\t<div class=\"elementor-element elementor-element-f20f675 elementor-widget elementor-widget-image\" data-id=\"f20f675\" data-element_type=\"widget\" data-widget_type=\"image.default\">\n\t\t\t\t\t\t\t\t\t\t\t\t\t\t\t<img fetchpriority=\"high\" decoding=\"async\" width=\"1136\" height=\"455\" src=\"https:\/\/estudionoh.com\/wp-content\/uploads\/2025\/10\/eduque-mock-iphone.png\" class=\"attachment-full size-full wp-image-51\" alt=\"\" srcset=\"https:\/\/estudionoh.com\/wp-content\/uploads\/2025\/10\/eduque-mock-iphone.png 1136w, https:\/\/estudionoh.com\/wp-content\/uploads\/2025\/10\/eduque-mock-iphone-300x120.png 300w, https:\/\/estudionoh.com\/wp-content\/uploads\/2025\/10\/eduque-mock-iphone-1024x410.png 1024w, https:\/\/estudionoh.com\/wp-content\/uploads\/2025\/10\/eduque-mock-iphone-768x308.png 768w\" sizes=\"(max-width: 1136px) 100vw, 1136px\" \/>\t\t\t\t\t\t\t\t\t\t\t\t\t\t\t<\/div>\n\t\t\t\t<div class=\"elementor-element elementor-element-f623407 elementor-widget elementor-widget-text-editor\" data-id=\"f623407\" data-element_type=\"widget\" data-widget_type=\"text-editor.default\">\n\t\t\t\t\t\t\t\t\t<p>O Desafio: Simplificar o tempo do educador<\/p>\t\t\t\t\t\t\t\t<\/div>\n\t\t\t\t<div class=\"elementor-element elementor-element-f50efa0 elementor-widget elementor-widget-text-editor\" data-id=\"f50efa0\" data-element_type=\"widget\" data-widget_type=\"text-editor.default\">\n\t\t\t\t\t\t\t\t\t<p>O <a href=\"http:\/\/portaleduque.com.br\">Eduque<\/a> nasceu com uma miss\u00e3o clara: facilitar a vida de professores e <b>otimizar seu tempo<\/b>. No entanto, o desafio era traduzir essa efici\u00eancia em uma experi\u00eancia digital cativante e funcional. Era preciso criar um portal que falasse a linguagem dos educadores com familiaridade tecnol\u00f3gica, oferecendo uma vasta gama de exerc\u00edcios de alta qualidade de forma pr\u00e1tica e acess\u00edvel. <b>A plataforma atividades para professores<\/b> precisava ser funcional desde a primeira intera\u00e7\u00e3o.<\/p>\t\t\t\t\t\t\t\t<\/div>\n\t\t\t\t<div class=\"elementor-element elementor-element-e817cf0 elementor-widget elementor-widget-text-editor\" data-id=\"e817cf0\" data-element_type=\"widget\" data-widget_type=\"text-editor.default\">\n\t\t\t\t\t\t\t\t\t<p>Na noh, acreditamos que o design, portanto, deve simplificar o processo. Nossa miss\u00e3o era dar forma a uma plataforma moderna que apoiasse a educa\u00e7\u00e3o.<\/p>\t\t\t\t\t\t\t\t<\/div>\n\t\t\t\t<div class=\"elementor-element elementor-element-2245d4a elementor-widget elementor-widget-image\" data-id=\"2245d4a\" data-element_type=\"widget\" data-widget_type=\"image.default\">\n\t\t\t\t\t\t\t\t\t\t\t\t\t\t\t<img decoding=\"async\" width=\"924\" height=\"607\" src=\"https:\/\/estudionoh.com\/wp-content\/uploads\/2025\/10\/iPad-Mockup-eduqe.png\" class=\"attachment-large size-large wp-image-52\" alt=\"mockup de tablet com a pagina inicial do portal eduque\" srcset=\"https:\/\/estudionoh.com\/wp-content\/uploads\/2025\/10\/iPad-Mockup-eduqe.png 924w, https:\/\/estudionoh.com\/wp-content\/uploads\/2025\/10\/iPad-Mockup-eduqe-300x197.png 300w, https:\/\/estudionoh.com\/wp-content\/uploads\/2025\/10\/iPad-Mockup-eduqe-768x505.png 768w\" sizes=\"(max-width: 924px) 100vw, 924px\" \/>\t\t\t\t\t\t\t\t\t\t\t\t\t\t\t<\/div>\n\t\t\t\t<div class=\"elementor-element elementor-element-ea79051 elementor-widget elementor-widget-text-editor\" data-id=\"ea79051\" data-element_type=\"widget\" data-widget_type=\"text-editor.default\">\n\t\t\t\t\t\t\t\t\t<p>Simplicidade, Efici\u00eancia e Design (Branding e UX\/UI)<\/p>\t\t\t\t\t\t\t\t<\/div>\n\t\t\t\t<div class=\"elementor-element elementor-element-0eeaf49 elementor-widget elementor-widget-text-editor\" data-id=\"0eeaf49\" data-element_type=\"widget\" data-widget_type=\"text-editor.default\">\n\t\t\t\t\t\t\t\t\t<p>Aplicamos nosso conceito de <b>Design em Conjunto<\/b> para garantir que a plataforma fosse t\u00e3o inteligente quanto os educadores que ela serve.<\/p>\t\t\t\t\t\t\t\t<\/div>\n\t\t\t\t<div class=\"elementor-element elementor-element-c32f785 elementor-widget elementor-widget-text-editor\" data-id=\"c32f785\" data-element_type=\"widget\" data-widget_type=\"text-editor.default\">\n\t\t\t\t\t\t\t\t\t<p><b>1. Identidade Visual moderna<\/b><\/p><p><span class=\"citation-175 citation-end-175\">O conceito visual do Eduque \u00e9 centrado na simplicidade e efici\u00eancia<\/span>. Em primeiro lugar<span class=\"citation-174 citation-end-174\">, desenvolvemos uma identidade visual que aposta em uma est\u00e9tica moderna e intuitiva<\/span>. <span class=\"citation-173\">Utilizamos elementos gr\u00e1ficos e tipografia que remetem ao ambiente escolar, <\/span><b>mas com um toque contempor\u00e2neo<\/b>.<\/p>\t\t\t\t\t\t\t\t<\/div>\n\t\t\t\t<div class=\"elementor-element elementor-element-fa0e020 elementor-widget elementor-widget-text-editor\" data-id=\"fa0e020\" data-element_type=\"widget\" data-widget_type=\"text-editor.default\">\n\t\t\t\t\t\t\t\t\t<p>Al\u00e9m disso, as cores prim\u00e1rias vibrantes d\u00e3o vida \u00e0 experi\u00eancia, enquanto as cores neutras garantem clareza e equil\u00edbrio. O nome &#8220;Eduque&#8221; reflete diretamente essa miss\u00e3o de apoiar a educa\u00e7\u00e3o.<\/p>\t\t\t\t\t\t\t\t<\/div>\n\t\t\t\t<div class=\"elementor-element elementor-element-329584e elementor-widget elementor-widget-image\" data-id=\"329584e\" data-element_type=\"widget\" data-widget_type=\"image.default\">\n\t\t\t\t\t\t\t\t\t\t\t\t\t\t\t<img decoding=\"async\" width=\"1024\" height=\"577\" src=\"https:\/\/estudionoh.com\/wp-content\/uploads\/2025\/10\/logos-eduque-1024x577.png\" class=\"attachment-large size-large wp-image-53\" alt=\"quatro varia\u00e7\u00f5es do logo eduque nas cores verde lim\u00e3o, roxo, preto e branco\" srcset=\"https:\/\/estudionoh.com\/wp-content\/uploads\/2025\/10\/logos-eduque-1024x577.png 1024w, https:\/\/estudionoh.com\/wp-content\/uploads\/2025\/10\/logos-eduque-300x169.png 300w, https:\/\/estudionoh.com\/wp-content\/uploads\/2025\/10\/logos-eduque-768x433.png 768w, https:\/\/estudionoh.com\/wp-content\/uploads\/2025\/10\/logos-eduque.png 1126w\" sizes=\"(max-width: 1024px) 100vw, 1024px\" \/>\t\t\t\t\t\t\t\t\t\t\t\t\t\t\t<\/div>\n\t\t\t\t<div class=\"elementor-element elementor-element-9e602d2 elementor-widget elementor-widget-text-editor\" data-id=\"9e602d2\" data-element_type=\"widget\" data-widget_type=\"text-editor.default\">\n\t\t\t\t\t\t\t\t\t<p><b>2. Plataforma intuitiva com foco no usu\u00e1rio (UX e UI)<\/b><\/p>\n<p>O foco principal do nosso trabalho foi o <b>design UX\/UI<\/b> para garantir a praticidade. Criamos uma interface intuitiva e envolvente, que facilita a navega\u00e7\u00e3o e otimiza o aprendizado.<\/p>\t\t\t\t\t\t\t\t<\/div>\n\t\t\t\t<div class=\"elementor-element elementor-element-c789ef1 elementor-widget elementor-widget-text-editor\" data-id=\"c789ef1\" data-element_type=\"widget\" data-widget_type=\"text-editor.default\">\n\t\t\t\t\t\t\t\t\t<p>Consequentemente, os professores podem personalizar materiais pedag\u00f3gicos com efici\u00eancia e inova\u00e7\u00e3o, acessando atividades prontas e personalizadas, o verdadeiro diferencial da plataforma<b>.<\/b><\/p>\t\t\t\t\t\t\t\t<\/div>\n\t\t\t\t<div class=\"elementor-element elementor-element-89f9ab7 elementor-widget elementor-widget-image\" data-id=\"89f9ab7\" data-element_type=\"widget\" data-widget_type=\"image.default\">\n\t\t\t\t\t\t\t\t\t\t\t\t\t\t\t<img loading=\"lazy\" decoding=\"async\" width=\"1024\" height=\"881\" src=\"https:\/\/estudionoh.com\/wp-content\/uploads\/2025\/10\/Home-Desktop-1-1024x881.png\" class=\"attachment-large size-large wp-image-57\" alt=\"\" srcset=\"https:\/\/estudionoh.com\/wp-content\/uploads\/2025\/10\/Home-Desktop-1-1024x881.png 1024w, https:\/\/estudionoh.com\/wp-content\/uploads\/2025\/10\/Home-Desktop-1-300x258.png 300w, https:\/\/estudionoh.com\/wp-content\/uploads\/2025\/10\/Home-Desktop-1-768x661.png 768w, https:\/\/estudionoh.com\/wp-content\/uploads\/2025\/10\/Home-Desktop-1.png 1136w\" sizes=\"(max-width: 1024px) 100vw, 1024px\" \/>\t\t\t\t\t\t\t\t\t\t\t\t\t\t\t<\/div>\n\t\t\t\t<div class=\"elementor-element elementor-element-7635f7e elementor-widget elementor-widget-text-editor\" data-id=\"7635f7e\" data-element_type=\"widget\" data-widget_type=\"text-editor.default\">\n\t\t\t\t\t\t\t\t\t<p><b>3. O resultado: um portal que transforma o ensino<\/b><\/p><p><span class=\"citation-166 citation-end-166 interactive-span-hovered\">O Eduque \u00e9 agora uma plataforma moderna que simplifica a vida dos professores<\/span>. Entregamos mais do que um portal; entregamos credibilidade e uma ferramenta que realmente atende \u00e0s necessidades de quem busca <b>otimiza\u00e7\u00e3o de tempo para educadores<\/b>. <span class=\"citation-165 citation-end-165 interactive-span-hovered\">O design e a tecnologia se tornaram aliados no processo de ensino<\/span>.<\/p>\t\t\t\t\t\t\t\t<\/div>\n\t\t\t\t<div class=\"elementor-element elementor-element-432c40a elementor-widget__width-initial elementor-widget elementor-widget-image\" data-id=\"432c40a\" data-element_type=\"widget\" data-widget_type=\"image.default\">\n\t\t\t\t\t\t\t\t\t\t\t\t\t\t\t<img loading=\"lazy\" decoding=\"async\" width=\"1024\" height=\"729\" src=\"https:\/\/estudionoh.com\/wp-content\/uploads\/2025\/10\/Cadastro-Desktop-1-1024x729.png\" class=\"attachment-large size-large wp-image-56\" alt=\"\" srcset=\"https:\/\/estudionoh.com\/wp-content\/uploads\/2025\/10\/Cadastro-Desktop-1-1024x729.png 1024w, https:\/\/estudionoh.com\/wp-content\/uploads\/2025\/10\/Cadastro-Desktop-1-300x214.png 300w, https:\/\/estudionoh.com\/wp-content\/uploads\/2025\/10\/Cadastro-Desktop-1-768x547.png 768w, https:\/\/estudionoh.com\/wp-content\/uploads\/2025\/10\/Cadastro-Desktop-1.png 1136w\" sizes=\"(max-width: 1024px) 100vw, 1024px\" \/>\t\t\t\t\t\t\t\t\t\t\t\t\t\t\t<\/div>\n\t\t\t\t<\/div>\n\t\t\t\t\t<\/div>\n\t\t\t\t<\/div>\n\t\t\t\t<\/div>\n\t\t","protected":false},"excerpt":{"rendered":"<p>Eduque | Branding e UX&amp;UI Como a noh criou o Eduque, a plataforma de atividades educacionais personalizadas que otimiza o [&hellip;]<\/p>\n","protected":false},"author":1,"featured_media":0,"parent":0,"menu_order":0,"comment_status":"closed","ping_status":"closed","template":"","meta":{"_uag_custom_page_level_css":"","site-sidebar-layout":"no-sidebar","site-content-layout":"","ast-site-content-layout":"full-width-container","site-content-style":"default","site-sidebar-style":"default","ast-global-header-display":"","ast-banner-title-visibility":"","ast-main-header-display":"","ast-hfb-above-header-display":"","ast-hfb-below-header-display":"","ast-hfb-mobile-header-display":"","site-post-title":"disabled","ast-breadcrumbs-content":"","ast-featured-img":"disabled","footer-sml-layout":"","theme-transparent-header-meta":"","adv-header-id-meta":"","stick-header-meta":"","header-above-stick-meta":"","header-main-stick-meta":"","header-below-stick-meta":"","astra-migrate-meta-layouts":"default","ast-page-background-enabled":"default","ast-page-background-meta":{"desktop":{"background-color":"var(--ast-global-color-5)","background-image":"","background-repeat":"repeat","background-position":"center center","background-size":"auto","background-attachment":"scroll","background-type":"","background-media":"","overlay-type":"","overlay-color":"","overlay-opacity":"","overlay-gradient":""},"tablet":{"background-color":"","background-image":"","background-repeat":"repeat","background-position":"center center","background-size":"auto","background-attachment":"scroll","background-type":"","background-media":"","overlay-type":"","overlay-color":"","overlay-opacity":"","overlay-gradient":""},"mobile":{"background-color":"","background-image":"","background-repeat":"repeat","background-position":"center center","background-size":"auto","background-attachment":"scroll","background-type":"","background-media":"","overlay-type":"","overlay-color":"","overlay-opacity":"","overlay-gradient":""}},"ast-content-background-meta":{"desktop":{"background-color":"var(--ast-global-color-4)","background-image":"","background-repeat":"repeat","background-position":"center center","background-size":"auto","background-attachment":"scroll","background-type":"","background-media":"","overlay-type":"","overlay-color":"","overlay-opacity":"","overlay-gradient":""},"tablet":{"background-color":"var(--ast-global-color-4)","background-image":"","background-repeat":"repeat","background-position":"center center","background-size":"auto","background-attachment":"scroll","background-type":"","background-media":"","overlay-type":"","overlay-color":"","overlay-opacity":"","overlay-gradient":""},"mobile":{"background-color":"var(--ast-global-color-4)","background-image":"","background-repeat":"repeat","background-position":"center center","background-size":"auto","background-attachment":"scroll","background-type":"","background-media":"","overlay-type":"","overlay-color":"","overlay-opacity":"","overlay-gradient":""}},"footnotes":""},"class_list":["post-48","page","type-page","status-publish","hentry"],"yoast_head":"<!-- This site is optimized with the Yoast SEO plugin v26.1.1 - https:\/\/yoast.com\/wordpress\/plugins\/seo\/ -->\n<title>Plataforma Eduque: Branding e UX&amp;UI<\/title>\n<meta name=\"description\" content=\"Demos um noh na Educa\u00e7\u00e3o: Criamos a plataforma Eduque, um portal moderno de atividades educacionais prontas.\" \/>\n<meta name=\"robots\" content=\"index, follow, max-snippet:-1, max-image-preview:large, max-video-preview:-1\" \/>\n<link rel=\"canonical\" href=\"https:\/\/estudionoh.com\/home\/projeto-eduque\/\" \/>\n<meta property=\"og:locale\" content=\"pt_BR\" \/>\n<meta property=\"og:type\" content=\"article\" \/>\n<meta property=\"og:title\" content=\"Otimizar o Tempo do Professor? Agora \u00e9 poss\u00edvel!\" \/>\n<meta property=\"og:description\" content=\"Professores, o Eduque chegou para dar um noh na cria\u00e7\u00e3o de materiais! Desenvolvemos o Branding e o UX\/UI Design dessa plataforma moderna, focada em otimizar seu tempo. O resultado \u00e9 um portal com atividades prontas e personalizadas, com uma interface intuitiva e envolvente.\" \/>\n<meta property=\"og:url\" content=\"https:\/\/estudionoh.com\/home\/projeto-eduque\/\" \/>\n<meta property=\"og:site_name\" content=\"Est\u00fadio Noh\" \/>\n<meta property=\"article:modified_time\" content=\"2025-10-21T15:59:03+00:00\" \/>\n<meta property=\"og:image\" content=\"https:\/\/estudionoh.com\/wp-content\/uploads\/2025\/10\/eduque-mock-iphone.png\" \/>\n\t<meta property=\"og:image:width\" content=\"1136\" \/>\n\t<meta property=\"og:image:height\" content=\"455\" \/>\n\t<meta property=\"og:image:type\" content=\"image\/png\" \/>\n<meta name=\"twitter:card\" content=\"summary_large_image\" \/>\n<meta name=\"twitter:label1\" content=\"Est. tempo de leitura\" \/>\n\t<meta name=\"twitter:data1\" content=\"2 minutos\" \/>\n<script type=\"application\/ld+json\" class=\"yoast-schema-graph\">{\"@context\":\"https:\/\/schema.org\",\"@graph\":[{\"@type\":\"WebPage\",\"@id\":\"https:\/\/estudionoh.com\/home\/projeto-eduque\/\",\"url\":\"https:\/\/estudionoh.com\/home\/projeto-eduque\/\",\"name\":\"Plataforma Eduque: Branding e UX&UI\",\"isPartOf\":{\"@id\":\"https:\/\/navajowhite-wolverine-552096.hostingersite.com\/home\/#website\"},\"primaryImageOfPage\":{\"@id\":\"https:\/\/estudionoh.com\/home\/projeto-eduque\/#primaryimage\"},\"image\":{\"@id\":\"https:\/\/estudionoh.com\/home\/projeto-eduque\/#primaryimage\"},\"thumbnailUrl\":\"https:\/\/estudionoh.com\/wp-content\/uploads\/2025\/10\/eduque-mock-iphone.png\",\"datePublished\":\"2025-10-15T23:56:55+00:00\",\"dateModified\":\"2025-10-21T15:59:03+00:00\",\"description\":\"Demos um noh na Educa\u00e7\u00e3o: Criamos a plataforma Eduque, um portal moderno de atividades educacionais prontas.\",\"breadcrumb\":{\"@id\":\"https:\/\/estudionoh.com\/home\/projeto-eduque\/#breadcrumb\"},\"inLanguage\":\"pt-BR\",\"potentialAction\":[{\"@type\":\"ReadAction\",\"target\":[\"https:\/\/estudionoh.com\/home\/projeto-eduque\/\"]}]},{\"@type\":\"ImageObject\",\"inLanguage\":\"pt-BR\",\"@id\":\"https:\/\/estudionoh.com\/home\/projeto-eduque\/#primaryimage\",\"url\":\"https:\/\/estudionoh.com\/wp-content\/uploads\/2025\/10\/eduque-mock-iphone.png\",\"contentUrl\":\"https:\/\/estudionoh.com\/wp-content\/uploads\/2025\/10\/eduque-mock-iphone.png\"},{\"@type\":\"BreadcrumbList\",\"@id\":\"https:\/\/estudionoh.com\/home\/projeto-eduque\/#breadcrumb\",\"itemListElement\":[{\"@type\":\"ListItem\",\"position\":1,\"name\":\"In\u00edcio\",\"item\":\"https:\/\/navajowhite-wolverine-552096.hostingersite.com\/home\/\"},{\"@type\":\"ListItem\",\"position\":2,\"name\":\"Projeto | Portal Eduque\"}]},{\"@type\":\"WebSite\",\"@id\":\"https:\/\/navajowhite-wolverine-552096.hostingersite.com\/home\/#website\",\"url\":\"https:\/\/navajowhite-wolverine-552096.hostingersite.com\/home\/\",\"name\":\"Est\u00fadio Noh\",\"description\":\"Site o est\u00fadio Noh, uma g\u00eancia de Marketing e Design 360\",\"publisher\":{\"@id\":\"https:\/\/navajowhite-wolverine-552096.hostingersite.com\/home\/#organization\"},\"alternateName\":\"Noh\",\"potentialAction\":[{\"@type\":\"SearchAction\",\"target\":{\"@type\":\"EntryPoint\",\"urlTemplate\":\"https:\/\/navajowhite-wolverine-552096.hostingersite.com\/home\/?s={search_term_string}\"},\"query-input\":{\"@type\":\"PropertyValueSpecification\",\"valueRequired\":true,\"valueName\":\"search_term_string\"}}],\"inLanguage\":\"pt-BR\"},{\"@type\":\"Organization\",\"@id\":\"https:\/\/navajowhite-wolverine-552096.hostingersite.com\/home\/#organization\",\"name\":\"Est\u00fadio Noh\",\"url\":\"https:\/\/navajowhite-wolverine-552096.hostingersite.com\/home\/\",\"logo\":{\"@type\":\"ImageObject\",\"inLanguage\":\"pt-BR\",\"@id\":\"https:\/\/navajowhite-wolverine-552096.hostingersite.com\/home\/#\/schema\/logo\/image\/\",\"url\":\"https:\/\/estudionoh.com\/wp-content\/uploads\/2025\/10\/noh.png\",\"contentUrl\":\"https:\/\/estudionoh.com\/wp-content\/uploads\/2025\/10\/noh.png\",\"width\":1256,\"height\":1256,\"caption\":\"Est\u00fadio Noh\"},\"image\":{\"@id\":\"https:\/\/navajowhite-wolverine-552096.hostingersite.com\/home\/#\/schema\/logo\/image\/\"},\"sameAs\":[\"https:\/\/www.instagram.com\/noh.estudio\",\"https:\/\/www.linkedin.com\/company\/estudio-noh\"]}]}<\/script>\n<!-- \/ Yoast SEO plugin. -->","yoast_head_json":{"title":"Plataforma Eduque: Branding e UX&UI","description":"Demos um noh na Educa\u00e7\u00e3o: Criamos a plataforma Eduque, um portal moderno de atividades educacionais prontas.","robots":{"index":"index","follow":"follow","max-snippet":"max-snippet:-1","max-image-preview":"max-image-preview:large","max-video-preview":"max-video-preview:-1"},"canonical":"https:\/\/estudionoh.com\/home\/projeto-eduque\/","og_locale":"pt_BR","og_type":"article","og_title":"Otimizar o Tempo do Professor? Agora \u00e9 poss\u00edvel!","og_description":"Professores, o Eduque chegou para dar um noh na cria\u00e7\u00e3o de materiais! Desenvolvemos o Branding e o UX\/UI Design dessa plataforma moderna, focada em otimizar seu tempo. O resultado \u00e9 um portal com atividades prontas e personalizadas, com uma interface intuitiva e envolvente.","og_url":"https:\/\/estudionoh.com\/home\/projeto-eduque\/","og_site_name":"Est\u00fadio Noh","article_modified_time":"2025-10-21T15:59:03+00:00","og_image":[{"width":1136,"height":455,"url":"https:\/\/estudionoh.com\/wp-content\/uploads\/2025\/10\/eduque-mock-iphone.png","type":"image\/png"}],"twitter_card":"summary_large_image","twitter_misc":{"Est. tempo de leitura":"2 minutos"},"schema":{"@context":"https:\/\/schema.org","@graph":[{"@type":"WebPage","@id":"https:\/\/estudionoh.com\/home\/projeto-eduque\/","url":"https:\/\/estudionoh.com\/home\/projeto-eduque\/","name":"Plataforma Eduque: Branding e UX&UI","isPartOf":{"@id":"https:\/\/navajowhite-wolverine-552096.hostingersite.com\/home\/#website"},"primaryImageOfPage":{"@id":"https:\/\/estudionoh.com\/home\/projeto-eduque\/#primaryimage"},"image":{"@id":"https:\/\/estudionoh.com\/home\/projeto-eduque\/#primaryimage"},"thumbnailUrl":"https:\/\/estudionoh.com\/wp-content\/uploads\/2025\/10\/eduque-mock-iphone.png","datePublished":"2025-10-15T23:56:55+00:00","dateModified":"2025-10-21T15:59:03+00:00","description":"Demos um noh na Educa\u00e7\u00e3o: Criamos a plataforma Eduque, um portal moderno de atividades educacionais prontas.","breadcrumb":{"@id":"https:\/\/estudionoh.com\/home\/projeto-eduque\/#breadcrumb"},"inLanguage":"pt-BR","potentialAction":[{"@type":"ReadAction","target":["https:\/\/estudionoh.com\/home\/projeto-eduque\/"]}]},{"@type":"ImageObject","inLanguage":"pt-BR","@id":"https:\/\/estudionoh.com\/home\/projeto-eduque\/#primaryimage","url":"https:\/\/estudionoh.com\/wp-content\/uploads\/2025\/10\/eduque-mock-iphone.png","contentUrl":"https:\/\/estudionoh.com\/wp-content\/uploads\/2025\/10\/eduque-mock-iphone.png"},{"@type":"BreadcrumbList","@id":"https:\/\/estudionoh.com\/home\/projeto-eduque\/#breadcrumb","itemListElement":[{"@type":"ListItem","position":1,"name":"In\u00edcio","item":"https:\/\/navajowhite-wolverine-552096.hostingersite.com\/home\/"},{"@type":"ListItem","position":2,"name":"Projeto | Portal Eduque"}]},{"@type":"WebSite","@id":"https:\/\/navajowhite-wolverine-552096.hostingersite.com\/home\/#website","url":"https:\/\/navajowhite-wolverine-552096.hostingersite.com\/home\/","name":"Est\u00fadio Noh","description":"Site o est\u00fadio Noh, uma g\u00eancia de Marketing e Design 360","publisher":{"@id":"https:\/\/navajowhite-wolverine-552096.hostingersite.com\/home\/#organization"},"alternateName":"Noh","potentialAction":[{"@type":"SearchAction","target":{"@type":"EntryPoint","urlTemplate":"https:\/\/navajowhite-wolverine-552096.hostingersite.com\/home\/?s={search_term_string}"},"query-input":{"@type":"PropertyValueSpecification","valueRequired":true,"valueName":"search_term_string"}}],"inLanguage":"pt-BR"},{"@type":"Organization","@id":"https:\/\/navajowhite-wolverine-552096.hostingersite.com\/home\/#organization","name":"Est\u00fadio Noh","url":"https:\/\/navajowhite-wolverine-552096.hostingersite.com\/home\/","logo":{"@type":"ImageObject","inLanguage":"pt-BR","@id":"https:\/\/navajowhite-wolverine-552096.hostingersite.com\/home\/#\/schema\/logo\/image\/","url":"https:\/\/estudionoh.com\/wp-content\/uploads\/2025\/10\/noh.png","contentUrl":"https:\/\/estudionoh.com\/wp-content\/uploads\/2025\/10\/noh.png","width":1256,"height":1256,"caption":"Est\u00fadio Noh"},"image":{"@id":"https:\/\/navajowhite-wolverine-552096.hostingersite.com\/home\/#\/schema\/logo\/image\/"},"sameAs":["https:\/\/www.instagram.com\/noh.estudio","https:\/\/www.linkedin.com\/company\/estudio-noh"]}]}},"_hostinger_reach_plugin_has_subscription_block":false,"_hostinger_reach_plugin_is_elementor":false,"uagb_featured_image_src":{"full":false,"thumbnail":false,"medium":false,"medium_large":false,"large":false,"1536x1536":false,"2048x2048":false},"uagb_author_info":{"display_name":"estudionooh@gmail.com","author_link":"https:\/\/estudionoh.com\/home\/author\/estudionoohgmail-com\/"},"uagb_comment_info":0,"uagb_excerpt":"Eduque | Branding e UX&amp;UI Como a noh criou o Eduque, a plataforma de atividades educacionais personalizadas que otimiza o [&hellip;]","_links":{"self":[{"href":"https:\/\/estudionoh.com\/home\/wp-json\/wp\/v2\/pages\/48","targetHints":{"allow":["GET"]}}],"collection":[{"href":"https:\/\/estudionoh.com\/home\/wp-json\/wp\/v2\/pages"}],"about":[{"href":"https:\/\/estudionoh.com\/home\/wp-json\/wp\/v2\/types\/page"}],"author":[{"embeddable":true,"href":"https:\/\/estudionoh.com\/home\/wp-json\/wp\/v2\/users\/1"}],"replies":[{"embeddable":true,"href":"https:\/\/estudionoh.com\/home\/wp-json\/wp\/v2\/comments?post=48"}],"version-history":[{"count":18,"href":"https:\/\/estudionoh.com\/home\/wp-json\/wp\/v2\/pages\/48\/revisions"}],"predecessor-version":[{"id":144,"href":"https:\/\/estudionoh.com\/home\/wp-json\/wp\/v2\/pages\/48\/revisions\/144"}],"wp:attachment":[{"href":"https:\/\/estudionoh.com\/home\/wp-json\/wp\/v2\/media?parent=48"}],"curies":[{"name":"wp","href":"https:\/\/api.w.org\/{rel}","templated":true}]}}