{"id":206,"date":"2026-01-13T21:50:23","date_gmt":"2026-01-13T21:50:23","guid":{"rendered":"https:\/\/estudionoh.com\/home\/?page_id=206"},"modified":"2026-01-13T22:27:40","modified_gmt":"2026-01-13T22:27:40","slug":"camila-raats","status":"publish","type":"page","link":"https:\/\/estudionoh.com\/home\/camila-raats\/","title":{"rendered":"Dra Camila Raats"},"content":{"rendered":"\t\t<div data-elementor-type=\"wp-page\" data-elementor-id=\"206\" class=\"elementor elementor-206\" data-elementor-post-type=\"page\">\n\t\t\t\t<div class=\"elementor-element elementor-element-0dc9d3e e-flex e-con-boxed e-con e-parent\" data-id=\"0dc9d3e\" data-element_type=\"container\" data-settings=\"{&quot;background_background&quot;:&quot;classic&quot;}\">\n\t\t\t\t\t<div class=\"e-con-inner\">\n\t\t<div class=\"elementor-element elementor-element-25b8972 e-con-full e-flex e-con e-child\" data-id=\"25b8972\" data-element_type=\"container\">\n\t\t\t\t<div class=\"elementor-element elementor-element-2979d65 elementor-widget elementor-widget-heading\" data-id=\"2979d65\" data-element_type=\"widget\" data-widget_type=\"heading.default\">\n\t\t\t\t\t<h2 class=\"elementor-heading-title elementor-size-default\">Dra. Camila Raats |  Redes Sociais<\/h2>\t\t\t\t<\/div>\n\t\t\t\t<div class=\"elementor-element elementor-element-98be0d2 elementor-widget elementor-widget-text-editor\" data-id=\"98be0d2\" data-element_type=\"widget\" data-widget_type=\"text-editor.default\">\n\t\t\t\t\t\t\t\t\t<p>Transformando conhecimento em conte\u00fado digital de autoridade.<\/p>\t\t\t\t\t\t\t\t<\/div>\n\t\t\t\t<div class=\"elementor-element elementor-element-f0b2671 elementor-widget elementor-widget-text-editor\" data-id=\"f0b2671\" data-element_type=\"widget\" data-widget_type=\"text-editor.default\">\n\t\t\t\t\t\t\t\t\t<p><b style=\"font-style: inherit;\" data-path-to-node=\"8\" data-index-in-node=\"0\"><span style=\"font-weight: 400; font-size: 1rem;\">A <\/span><a href=\"https:\/\/www.instagram.com\/camilaraats\/\"><b style=\"font-size: 1rem;\" data-path-to-node=\"7\" data-index-in-node=\"2\">Dra. Camila Raats<\/b><\/a><span style=\"font-weight: 400; font-size: 1rem;\"> \u00e9 m\u00e9dica dermatologista e refer\u00eancia em sa\u00fade da pele. Nosso trabalho focado em <\/span><a href=\"https:\/\/www.instagram.com\/noh.estudio\"><b style=\"font-size: 1rem;\" data-path-to-node=\"7\" data-index-in-node=\"100\">social media marketing<\/b><\/a><span style=\"font-weight: 400; font-size: 1rem;\"> permitiu que sua comunica\u00e7\u00e3o digital se tornasse uma extens\u00e3o do consult\u00f3rio. Transformamos o conhecimento cl\u00ednico em um espa\u00e7o de <\/span><b style=\"font-size: 1rem;\" data-path-to-node=\"7\" data-index-in-node=\"254\">cria\u00e7\u00e3o de conte\u00fado para m\u00e9dicos<\/b><span style=\"font-weight: 400; font-size: 1rem;\"> que buscam autoridade, desmistificando tratamentos com leveza e empatia.<\/span><\/b><\/p><p><b style=\"font-style: inherit;\" data-path-to-node=\"8\" data-index-in-node=\"0\"><span style=\"font-weight: 400; font-size: 1rem;\">\u00a0<\/span><\/b><\/p>\t\t\t\t\t\t\t\t<\/div>\n\t\t\t\t<div class=\"elementor-element elementor-element-5ae9da8 elementor-widget elementor-widget-video\" data-id=\"5ae9da8\" data-element_type=\"widget\" data-settings=\"{&quot;video_type&quot;:&quot;hosted&quot;,&quot;controls&quot;:&quot;yes&quot;}\" data-widget_type=\"video.default\">\n\t\t\t\t\t\t\t<div class=\"e-hosted-video elementor-wrapper elementor-open-inline\">\n\t\t\t\t\t<video class=\"elementor-video\" src=\"https:\/\/estudionoh.com\/wp-content\/uploads\/2026\/01\/fatos-cabelo.mp4\" controls=\"\" preload=\"metadata\" controlsList=\"nodownload\"><\/video>\n\t\t\t\t<\/div>\n\t\t\t\t\t\t<\/div>\n\t\t\t\t<div class=\"elementor-element elementor-element-a1d46a0 elementor-widget elementor-widget-text-editor\" data-id=\"a1d46a0\" data-element_type=\"widget\" data-widget_type=\"text-editor.default\">\n\t\t\t\t\t\t\t\t\t<p>Nossa Estrat\u00e9gia<\/p>\t\t\t\t\t\t\t\t<\/div>\n\t\t\t\t<div class=\"elementor-element elementor-element-4876519 elementor-widget elementor-widget-text-editor\" data-id=\"4876519\" data-element_type=\"widget\" data-widget_type=\"text-editor.default\">\n\t\t\t\t\t\t\t\t\t<p>Para quem busca <b data-path-to-node=\"10\" data-index-in-node=\"16\">como crescer o Instagram m\u00e9dico<\/b>, implementamos uma estrat\u00e9gia baseada nos dois pilares de reten\u00e7\u00e3o que o algoritmo do Google e das redes sociais priorizam:<\/p>\t\t\t\t\t\t\t\t<\/div>\n\t\t\t\t<div class=\"elementor-element elementor-element-7fc1bc9 elementor-widget elementor-widget-heading\" data-id=\"7fc1bc9\" data-element_type=\"widget\" data-widget_type=\"heading.default\">\n\t\t\t\t\t<h3 class=\"elementor-heading-title elementor-size-default\">Reels Estrat\u00e9gicos<\/h3>\t\t\t\t<\/div>\n\t\t\t\t<div class=\"elementor-element elementor-element-30f524d elementor-widget elementor-widget-text-editor\" data-id=\"30f524d\" data-element_type=\"widget\" data-widget_type=\"text-editor.default\">\n\t\t\t\t\t\t\t\t\t<p><span style=\"font-style: inherit; font-weight: inherit;\">Como parte do nosso servi\u00e7o de <\/span><b style=\"font-style: inherit;\" data-path-to-node=\"11,0,0\" data-index-in-node=\"54\">gest\u00e3o de redes sociais<\/b><span style=\"font-style: inherit; font-weight: inherit;\">, criamos roteiros e edi\u00e7\u00f5es din\u00e2micas para<a href=\"https:\/\/www.instagram.com\/camilaraats\/reels\/\"> v\u00eddeos curtos.<\/a> Focamos em reten\u00e7\u00e3o e acessibilidade atrav\u00e9s de legendas e ganchos poderosos.<\/span><\/p>\t\t\t\t\t\t\t\t<\/div>\n\t\t\t\t<div class=\"elementor-element elementor-element-6d3fd60 elementor-widget elementor-widget-heading\" data-id=\"6d3fd60\" data-element_type=\"widget\" data-widget_type=\"heading.default\">\n\t\t\t\t\t<h3 class=\"elementor-heading-title elementor-size-default\">Capas Informativas<\/h3>\t\t\t\t<\/div>\n\t\t\t\t<div class=\"elementor-element elementor-element-b566620 elementor-widget elementor-widget-text-editor\" data-id=\"b566620\" data-element_type=\"widget\" data-widget_type=\"text-editor.default\">\n\t\t\t\t\t\t\t\t\t<p><span style=\"font-style: inherit; font-weight: inherit;\">O design de alta performance \u00e9 essencial para o <\/span><b style=\"font-style: inherit;\" data-path-to-node=\"11,1,0\" data-index-in-node=\"85\">posicionamento digital<\/b><span style=\"font-style: inherit; font-weight: inherit;\">. Criamos capas que garantem o &#8220;clique&#8221;, elevando o padr\u00e3o est\u00e9tico do feed e refor\u00e7ando o branding pessoal.<\/span><\/p>\n<p data-path-to-node=\"17\">O crescimento org\u00e2nico de +185% de alcance nos conte\u00fados e +20% de audi\u00eancia&nbsp;<span style=\"font-size: 1rem;\">\u00e9 fruto de uma <\/span><b style=\"font-size: 1rem;\" data-path-to-node=\"16,0\" data-index-in-node=\"41\">estrat\u00e9gia de SEO para Instagram<\/b><span style=\"font-size: 1rem;\"> e uma an\u00e1lise profunda de m\u00e9tricas, garantindo que o conte\u00fado seja entregue para o p\u00fablico qualificado.<\/span><\/p><p data-path-to-node=\"17\"><span style=\"font-size: 1rem;\"><br><\/span><\/p>\n<p data-path-to-node=\"17\">A Dra. Camila Raats hoje \u00e9 um exemplo de como a <b data-path-to-node=\"23\" data-index-in-node=\"48\">gest\u00e3o de redes sociais para dermatologia<\/b> pode converter seguidores em uma comunidade fiel. Se voc\u00ea busca elevar o n\u00edvel do seu conte\u00fado e ser encontrado por quem realmente precisa do seu servi\u00e7o, nossa equipe est\u00e1 pronta para escalar sua presen\u00e7a digital.<\/p>\t\t\t\t\t\t\t\t<\/div>\n\t\t\t\t<div class=\"elementor-element elementor-element-7a26e3c elementor-widget elementor-widget-text-editor\" data-id=\"7a26e3c\" data-element_type=\"widget\" data-widget_type=\"text-editor.default\">\n\t\t\t\t\t\t\t\t\t<p>Por que investir em Gest\u00e3o de Redes Sociais com a gente?<\/p>\t\t\t\t\t\t\t\t<\/div>\n\t\t\t\t<div class=\"elementor-element elementor-element-b1c4fe8 elementor-widget elementor-widget-text-editor\" data-id=\"b1c4fe8\" data-element_type=\"widget\" data-widget_type=\"text-editor.default\">\n\t\t\t\t\t\t\t\t\t<p data-path-to-node=\"19\">Nosso diferencial no mercado de <b data-path-to-node=\"19\" data-index-in-node=\"32\">gest\u00e3o de redes sociais<\/b> \u00e9 o foco em nichos espec\u00edficos, como a sa\u00fade:<\/p><ul data-path-to-node=\"20\"><li><p data-path-to-node=\"20,0,0\"><b data-path-to-node=\"20,0,0\" data-index-in-node=\"0\">Curadoria e Roteiriza\u00e7\u00e3o:<\/b> Sugest\u00e3o de temas relevantes e &#8220;search-friendly&#8221;.<\/p><\/li><li><p data-path-to-node=\"20,1,0\"><b data-path-to-node=\"20,1,0\" data-index-in-node=\"0\">Edi\u00e7\u00e3o Profissional:<\/b> Tratamento audiovisual que diferencia o amador do profissional.<\/p><\/li><li><p data-path-to-node=\"20,2,0\"><b data-path-to-node=\"20,2,0\" data-index-in-node=\"0\">Identidade Visual do Feed:<\/b> Transformamos perfis comuns em vitrines de autoridade.<\/p><\/li><li><p data-path-to-node=\"20,3,0\"><b data-path-to-node=\"20,3,0\" data-index-in-node=\"0\">Tr\u00e1fego Org\u00e2nico e Engajamento:<\/b> T\u00e9cnicas para aumentar a visibilidade sem depender exclusivamente de an\u00fancios pagos.<\/p><\/li><\/ul>\t\t\t\t\t\t\t\t<\/div>\n\t\t\t\t<\/div>\n\t\t\t\t\t<\/div>\n\t\t\t\t<\/div>\n\t\t\t\t<\/div>\n\t\t","protected":false},"excerpt":{"rendered":"<p>Dra. Camila Raats | Redes Sociais Transformando conhecimento em conte\u00fado digital de autoridade. A Dra. Camila Raats \u00e9 m\u00e9dica dermatologista [&hellip;]<\/p>\n","protected":false},"author":1,"featured_media":217,"parent":0,"menu_order":0,"comment_status":"closed","ping_status":"closed","template":"","meta":{"_uag_custom_page_level_css":"","site-sidebar-layout":"no-sidebar","site-content-layout":"","ast-site-content-layout":"full-width-container","site-content-style":"default","site-sidebar-style":"default","ast-global-header-display":"","ast-banner-title-visibility":"","ast-main-header-display":"","ast-hfb-above-header-display":"","ast-hfb-below-header-display":"","ast-hfb-mobile-header-display":"","site-post-title":"disabled","ast-breadcrumbs-content":"","ast-featured-img":"disabled","footer-sml-layout":"","theme-transparent-header-meta":"","adv-header-id-meta":"","stick-header-meta":"","header-above-stick-meta":"","header-main-stick-meta":"","header-below-stick-meta":"","astra-migrate-meta-layouts":"default","ast-page-background-enabled":"default","ast-page-background-meta":{"desktop":{"background-color":"var(--ast-global-color-5)","background-image":"","background-repeat":"repeat","background-position":"center center","background-size":"auto","background-attachment":"scroll","background-type":"","background-media":"","overlay-type":"","overlay-color":"","overlay-opacity":"","overlay-gradient":""},"tablet":{"background-color":"","background-image":"","background-repeat":"repeat","background-position":"center center","background-size":"auto","background-attachment":"scroll","background-type":"","background-media":"","overlay-type":"","overlay-color":"","overlay-opacity":"","overlay-gradient":""},"mobile":{"background-color":"","background-image":"","background-repeat":"repeat","background-position":"center center","background-size":"auto","background-attachment":"scroll","background-type":"","background-media":"","overlay-type":"","overlay-color":"","overlay-opacity":"","overlay-gradient":""}},"ast-content-background-meta":{"desktop":{"background-color":"var(--ast-global-color-4)","background-image":"","background-repeat":"repeat","background-position":"center center","background-size":"auto","background-attachment":"scroll","background-type":"","background-media":"","overlay-type":"","overlay-color":"","overlay-opacity":"","overlay-gradient":""},"tablet":{"background-color":"var(--ast-global-color-4)","background-image":"","background-repeat":"repeat","background-position":"center center","background-size":"auto","background-attachment":"scroll","background-type":"","background-media":"","overlay-type":"","overlay-color":"","overlay-opacity":"","overlay-gradient":""},"mobile":{"background-color":"var(--ast-global-color-4)","background-image":"","background-repeat":"repeat","background-position":"center center","background-size":"auto","background-attachment":"scroll","background-type":"","background-media":"","overlay-type":"","overlay-color":"","overlay-opacity":"","overlay-gradient":""}},"footnotes":""},"class_list":["post-206","page","type-page","status-publish","has-post-thumbnail","hentry"],"yoast_head":"<!-- This site is optimized with the Yoast SEO plugin v26.1.1 - https:\/\/yoast.com\/wordpress\/plugins\/seo\/ -->\n<title>Gest\u00e3o redes sociais: Estrat\u00e9gias para m\u00e9dicos - Est\u00fadio Noh<\/title>\n<meta name=\"description\" content=\"Aumente sua presen\u00e7a online com gest\u00e3o de redes sociais. Transforme conhecimento em conte\u00fado digital de impacto no Instagram.\" \/>\n<meta name=\"robots\" content=\"index, follow, max-snippet:-1, max-image-preview:large, max-video-preview:-1\" \/>\n<link rel=\"canonical\" href=\"https:\/\/estudionoh.com\/home\/camila-raats\/\" \/>\n<meta property=\"og:locale\" content=\"pt_BR\" \/>\n<meta property=\"og:type\" content=\"article\" \/>\n<meta property=\"og:title\" content=\"Gest\u00e3o redes sociais: Dicas para m\u00e9dicos no Instagram\" \/>\n<meta property=\"og:description\" content=\"Ganhe visibilidade como m\u00e9dico com gest\u00e3o redes sociais. Aumente sua autoridade no Instagram com conte\u00fados impactantes.\" \/>\n<meta property=\"og:url\" content=\"https:\/\/estudionoh.com\/home\/camila-raats\/\" \/>\n<meta property=\"og:site_name\" content=\"Est\u00fadio Noh\" \/>\n<meta property=\"article:modified_time\" content=\"2026-01-13T22:27:40+00:00\" \/>\n<meta property=\"og:image\" content=\"https:\/\/estudionoh.com\/wp-content\/uploads\/2026\/01\/Camila-1.png\" \/>\n\t<meta property=\"og:image:width\" content=\"392\" \/>\n\t<meta property=\"og:image:height\" content=\"294\" \/>\n\t<meta property=\"og:image:type\" content=\"image\/png\" \/>\n<meta name=\"twitter:card\" content=\"summary_large_image\" \/>\n<meta name=\"twitter:label1\" content=\"Est. tempo de leitura\" \/>\n\t<meta name=\"twitter:data1\" content=\"2 minutos\" \/>\n<script type=\"application\/ld+json\" class=\"yoast-schema-graph\">{\"@context\":\"https:\/\/schema.org\",\"@graph\":[{\"@type\":\"WebPage\",\"@id\":\"https:\/\/estudionoh.com\/home\/camila-raats\/\",\"url\":\"https:\/\/estudionoh.com\/home\/camila-raats\/\",\"name\":\"Gest\u00e3o redes sociais: Estrat\u00e9gias para m\u00e9dicos - Est\u00fadio Noh\",\"isPartOf\":{\"@id\":\"https:\/\/navajowhite-wolverine-552096.hostingersite.com\/home\/#website\"},\"primaryImageOfPage\":{\"@id\":\"https:\/\/estudionoh.com\/home\/camila-raats\/#primaryimage\"},\"image\":{\"@id\":\"https:\/\/estudionoh.com\/home\/camila-raats\/#primaryimage\"},\"thumbnailUrl\":\"https:\/\/estudionoh.com\/wp-content\/uploads\/2026\/01\/sust.png\",\"datePublished\":\"2026-01-13T21:50:23+00:00\",\"dateModified\":\"2026-01-13T22:27:40+00:00\",\"description\":\"Aumente sua presen\u00e7a online com gest\u00e3o de redes sociais. Transforme conhecimento em conte\u00fado digital de impacto no Instagram.\",\"breadcrumb\":{\"@id\":\"https:\/\/estudionoh.com\/home\/camila-raats\/#breadcrumb\"},\"inLanguage\":\"pt-BR\",\"potentialAction\":[{\"@type\":\"ReadAction\",\"target\":[\"https:\/\/estudionoh.com\/home\/camila-raats\/\"]}]},{\"@type\":\"ImageObject\",\"inLanguage\":\"pt-BR\",\"@id\":\"https:\/\/estudionoh.com\/home\/camila-raats\/#primaryimage\",\"url\":\"https:\/\/estudionoh.com\/wp-content\/uploads\/2026\/01\/sust.png\",\"contentUrl\":\"https:\/\/estudionoh.com\/wp-content\/uploads\/2026\/01\/sust.png\",\"width\":1080,\"height\":1920,\"caption\":\"Capa com o texto Preenchimento al\u00e9m do volume\"},{\"@type\":\"BreadcrumbList\",\"@id\":\"https:\/\/estudionoh.com\/home\/camila-raats\/#breadcrumb\",\"itemListElement\":[{\"@type\":\"ListItem\",\"position\":1,\"name\":\"In\u00edcio\",\"item\":\"https:\/\/navajowhite-wolverine-552096.hostingersite.com\/home\/\"},{\"@type\":\"ListItem\",\"position\":2,\"name\":\"Dra Camila Raats\"}]},{\"@type\":\"WebSite\",\"@id\":\"https:\/\/navajowhite-wolverine-552096.hostingersite.com\/home\/#website\",\"url\":\"https:\/\/navajowhite-wolverine-552096.hostingersite.com\/home\/\",\"name\":\"Est\u00fadio Noh\",\"description\":\"Site o est\u00fadio Noh, uma g\u00eancia de Marketing e Design 360\",\"publisher\":{\"@id\":\"https:\/\/navajowhite-wolverine-552096.hostingersite.com\/home\/#organization\"},\"alternateName\":\"Noh\",\"potentialAction\":[{\"@type\":\"SearchAction\",\"target\":{\"@type\":\"EntryPoint\",\"urlTemplate\":\"https:\/\/navajowhite-wolverine-552096.hostingersite.com\/home\/?s={search_term_string}\"},\"query-input\":{\"@type\":\"PropertyValueSpecification\",\"valueRequired\":true,\"valueName\":\"search_term_string\"}}],\"inLanguage\":\"pt-BR\"},{\"@type\":\"Organization\",\"@id\":\"https:\/\/navajowhite-wolverine-552096.hostingersite.com\/home\/#organization\",\"name\":\"Est\u00fadio Noh\",\"url\":\"https:\/\/navajowhite-wolverine-552096.hostingersite.com\/home\/\",\"logo\":{\"@type\":\"ImageObject\",\"inLanguage\":\"pt-BR\",\"@id\":\"https:\/\/navajowhite-wolverine-552096.hostingersite.com\/home\/#\/schema\/logo\/image\/\",\"url\":\"https:\/\/estudionoh.com\/wp-content\/uploads\/2025\/10\/noh.png\",\"contentUrl\":\"https:\/\/estudionoh.com\/wp-content\/uploads\/2025\/10\/noh.png\",\"width\":1256,\"height\":1256,\"caption\":\"Est\u00fadio Noh\"},\"image\":{\"@id\":\"https:\/\/navajowhite-wolverine-552096.hostingersite.com\/home\/#\/schema\/logo\/image\/\"},\"sameAs\":[\"https:\/\/www.instagram.com\/noh.estudio\",\"https:\/\/www.linkedin.com\/company\/estudio-noh\"]}]}<\/script>\n<!-- \/ Yoast SEO plugin. -->","yoast_head_json":{"title":"Gest\u00e3o redes sociais: Estrat\u00e9gias para m\u00e9dicos - Est\u00fadio Noh","description":"Aumente sua presen\u00e7a online com gest\u00e3o de redes sociais. Transforme conhecimento em conte\u00fado digital de impacto no Instagram.","robots":{"index":"index","follow":"follow","max-snippet":"max-snippet:-1","max-image-preview":"max-image-preview:large","max-video-preview":"max-video-preview:-1"},"canonical":"https:\/\/estudionoh.com\/home\/camila-raats\/","og_locale":"pt_BR","og_type":"article","og_title":"Gest\u00e3o redes sociais: Dicas para m\u00e9dicos no Instagram","og_description":"Ganhe visibilidade como m\u00e9dico com gest\u00e3o redes sociais. Aumente sua autoridade no Instagram com conte\u00fados impactantes.","og_url":"https:\/\/estudionoh.com\/home\/camila-raats\/","og_site_name":"Est\u00fadio Noh","article_modified_time":"2026-01-13T22:27:40+00:00","og_image":[{"width":392,"height":294,"url":"https:\/\/estudionoh.com\/wp-content\/uploads\/2026\/01\/Camila-1.png","type":"image\/png"}],"twitter_card":"summary_large_image","twitter_misc":{"Est. tempo de leitura":"2 minutos"},"schema":{"@context":"https:\/\/schema.org","@graph":[{"@type":"WebPage","@id":"https:\/\/estudionoh.com\/home\/camila-raats\/","url":"https:\/\/estudionoh.com\/home\/camila-raats\/","name":"Gest\u00e3o redes sociais: Estrat\u00e9gias para m\u00e9dicos - Est\u00fadio Noh","isPartOf":{"@id":"https:\/\/navajowhite-wolverine-552096.hostingersite.com\/home\/#website"},"primaryImageOfPage":{"@id":"https:\/\/estudionoh.com\/home\/camila-raats\/#primaryimage"},"image":{"@id":"https:\/\/estudionoh.com\/home\/camila-raats\/#primaryimage"},"thumbnailUrl":"https:\/\/estudionoh.com\/wp-content\/uploads\/2026\/01\/sust.png","datePublished":"2026-01-13T21:50:23+00:00","dateModified":"2026-01-13T22:27:40+00:00","description":"Aumente sua presen\u00e7a online com gest\u00e3o de redes sociais. Transforme conhecimento em conte\u00fado digital de impacto no Instagram.","breadcrumb":{"@id":"https:\/\/estudionoh.com\/home\/camila-raats\/#breadcrumb"},"inLanguage":"pt-BR","potentialAction":[{"@type":"ReadAction","target":["https:\/\/estudionoh.com\/home\/camila-raats\/"]}]},{"@type":"ImageObject","inLanguage":"pt-BR","@id":"https:\/\/estudionoh.com\/home\/camila-raats\/#primaryimage","url":"https:\/\/estudionoh.com\/wp-content\/uploads\/2026\/01\/sust.png","contentUrl":"https:\/\/estudionoh.com\/wp-content\/uploads\/2026\/01\/sust.png","width":1080,"height":1920,"caption":"Capa com o texto Preenchimento al\u00e9m do volume"},{"@type":"BreadcrumbList","@id":"https:\/\/estudionoh.com\/home\/camila-raats\/#breadcrumb","itemListElement":[{"@type":"ListItem","position":1,"name":"In\u00edcio","item":"https:\/\/navajowhite-wolverine-552096.hostingersite.com\/home\/"},{"@type":"ListItem","position":2,"name":"Dra Camila Raats"}]},{"@type":"WebSite","@id":"https:\/\/navajowhite-wolverine-552096.hostingersite.com\/home\/#website","url":"https:\/\/navajowhite-wolverine-552096.hostingersite.com\/home\/","name":"Est\u00fadio Noh","description":"Site o est\u00fadio Noh, uma g\u00eancia de Marketing e Design 360","publisher":{"@id":"https:\/\/navajowhite-wolverine-552096.hostingersite.com\/home\/#organization"},"alternateName":"Noh","potentialAction":[{"@type":"SearchAction","target":{"@type":"EntryPoint","urlTemplate":"https:\/\/navajowhite-wolverine-552096.hostingersite.com\/home\/?s={search_term_string}"},"query-input":{"@type":"PropertyValueSpecification","valueRequired":true,"valueName":"search_term_string"}}],"inLanguage":"pt-BR"},{"@type":"Organization","@id":"https:\/\/navajowhite-wolverine-552096.hostingersite.com\/home\/#organization","name":"Est\u00fadio Noh","url":"https:\/\/navajowhite-wolverine-552096.hostingersite.com\/home\/","logo":{"@type":"ImageObject","inLanguage":"pt-BR","@id":"https:\/\/navajowhite-wolverine-552096.hostingersite.com\/home\/#\/schema\/logo\/image\/","url":"https:\/\/estudionoh.com\/wp-content\/uploads\/2025\/10\/noh.png","contentUrl":"https:\/\/estudionoh.com\/wp-content\/uploads\/2025\/10\/noh.png","width":1256,"height":1256,"caption":"Est\u00fadio Noh"},"image":{"@id":"https:\/\/navajowhite-wolverine-552096.hostingersite.com\/home\/#\/schema\/logo\/image\/"},"sameAs":["https:\/\/www.instagram.com\/noh.estudio","https:\/\/www.linkedin.com\/company\/estudio-noh"]}]}},"_hostinger_reach_plugin_has_subscription_block":false,"_hostinger_reach_plugin_is_elementor":false,"uagb_featured_image_src":{"full":["https:\/\/estudionoh.com\/wp-content\/uploads\/2026\/01\/sust.png",1080,1920,false],"thumbnail":["https:\/\/estudionoh.com\/wp-content\/uploads\/2026\/01\/sust-150x150.png",150,150,true],"medium":["https:\/\/estudionoh.com\/wp-content\/uploads\/2026\/01\/sust-169x300.png",169,300,true],"medium_large":["https:\/\/estudionoh.com\/wp-content\/uploads\/2026\/01\/sust-768x1365.png",768,1365,true],"large":["https:\/\/estudionoh.com\/wp-content\/uploads\/2026\/01\/sust-576x1024.png",576,1024,true],"1536x1536":["https:\/\/estudionoh.com\/wp-content\/uploads\/2026\/01\/sust-864x1536.png",864,1536,true],"2048x2048":["https:\/\/estudionoh.com\/wp-content\/uploads\/2026\/01\/sust.png",1080,1920,false]},"uagb_author_info":{"display_name":"estudionooh@gmail.com","author_link":"https:\/\/estudionoh.com\/home\/author\/estudionoohgmail-com\/"},"uagb_comment_info":0,"uagb_excerpt":"Dra. Camila Raats | Redes Sociais Transformando conhecimento em conte\u00fado digital de autoridade. A Dra. Camila Raats \u00e9 m\u00e9dica dermatologista [&hellip;]","_links":{"self":[{"href":"https:\/\/estudionoh.com\/home\/wp-json\/wp\/v2\/pages\/206","targetHints":{"allow":["GET"]}}],"collection":[{"href":"https:\/\/estudionoh.com\/home\/wp-json\/wp\/v2\/pages"}],"about":[{"href":"https:\/\/estudionoh.com\/home\/wp-json\/wp\/v2\/types\/page"}],"author":[{"embeddable":true,"href":"https:\/\/estudionoh.com\/home\/wp-json\/wp\/v2\/users\/1"}],"replies":[{"embeddable":true,"href":"https:\/\/estudionoh.com\/home\/wp-json\/wp\/v2\/comments?post=206"}],"version-history":[{"count":11,"href":"https:\/\/estudionoh.com\/home\/wp-json\/wp\/v2\/pages\/206\/revisions"}],"predecessor-version":[{"id":230,"href":"https:\/\/estudionoh.com\/home\/wp-json\/wp\/v2\/pages\/206\/revisions\/230"}],"wp:featuredmedia":[{"embeddable":true,"href":"https:\/\/estudionoh.com\/home\/wp-json\/wp\/v2\/media\/217"}],"wp:attachment":[{"href":"https:\/\/estudionoh.com\/home\/wp-json\/wp\/v2\/media?parent=206"}],"curies":[{"name":"wp","href":"https:\/\/api.w.org\/{rel}","templated":true}]}}