{"id":184,"date":"2025-10-21T22:38:49","date_gmt":"2025-10-21T22:38:49","guid":{"rendered":"https:\/\/estudionoh.com\/home\/?page_id=184"},"modified":"2025-10-21T22:47:22","modified_gmt":"2025-10-21T22:47:22","slug":"sobre-nohs","status":"publish","type":"page","link":"https:\/\/estudionoh.com\/home\/sobre-nohs\/","title":{"rendered":"Sobre Nohs"},"content":{"rendered":"\t\t<div data-elementor-type=\"wp-page\" data-elementor-id=\"184\" class=\"elementor elementor-184\" data-elementor-post-type=\"page\">\n\t\t\t\t<div class=\"elementor-element elementor-element-4743085 e-flex e-con-boxed e-con e-parent\" data-id=\"4743085\" data-element_type=\"container\">\n\t\t\t\t\t<div class=\"e-con-inner\">\n\t\t\t\t<div class=\"elementor-element elementor-element-726e535 elementor-widget elementor-widget-heading\" data-id=\"726e535\" data-element_type=\"widget\" data-widget_type=\"heading.default\">\n\t\t\t\t\t<h2 class=\"elementor-heading-title elementor-size-default\">Somos a noh: O est\u00fadio criativo que d\u00e1 um n\u00f3 nas suas Ideias<\/h2>\t\t\t\t<\/div>\n\t\t\t\t<div class=\"elementor-element elementor-element-6ea9551 elementor-widget elementor-widget-text-editor\" data-id=\"6ea9551\" data-element_type=\"widget\" data-widget_type=\"text-editor.default\">\n\t\t\t\t\t\t\t\t\t<p>Artistas, Contadores de Hist\u00f3rias e Solucionadores de Problemas<\/p>\t\t\t\t\t\t\t\t<\/div>\n\t\t\t\t<div class=\"elementor-element elementor-element-fd80be1 elementor-widget elementor-widget-text-editor\" data-id=\"fd80be1\" data-element_type=\"widget\" data-widget_type=\"text-editor.default\">\n\t\t\t\t\t\t\t\t\t<p>Na noh, acreditamos que o design n\u00e3o se trata apenas de tornar as coisas bonitas, mas de criar experi\u00eancias significativas que se conectem com o seu p\u00fablico. Somos um <b>Est\u00fadio Criativo <\/b>\u00a0que oferece servi\u00e7os com uma abordagem inteligente, em um ambiente culturalmente inspirador.<\/p>\t\t\t\t\t\t\t\t<\/div>\n\t\t\t\t<div class=\"elementor-element elementor-element-959ff85 elementor-widget elementor-widget-text-editor\" data-id=\"959ff85\" data-element_type=\"widget\" data-widget_type=\"text-editor.default\">\n\t\t\t\t\t\t\t\t\t<p>Em primeiro lugar, a gente sabe que criar uma marca vai muito al\u00e9m de ter um logo bonito. \u00c9 sobre contar uma hist\u00f3ria, se conectar com as pessoas e, claro, ver o neg\u00f3cio crescer. Portanto, nossa miss\u00e3o \u00e9 clara: promover credibilidade e simplificar o processo criativo.<\/p>\t\t\t\t\t\t\t\t<\/div>\n\t\t\t\t<div class=\"elementor-element elementor-element-95c8388 elementor-widget elementor-widget-text-editor\" data-id=\"95c8388\" data-element_type=\"widget\" data-widget_type=\"text-editor.default\">\n\t\t\t\t\t\t\t\t\t<p>Nosso Diferencial: O Design em Conjunto<\/p>\t\t\t\t\t\t\t\t<\/div>\n\t\t\t\t<div class=\"elementor-element elementor-element-0d9a782 elementor-widget elementor-widget-text-editor\" data-id=\"0d9a782\" data-element_type=\"widget\" data-widget_type=\"text-editor.default\">\n\t\t\t\t\t\t\t\t\t<p><b>Na noh<\/b>, entendemos suas ideias e buscamos solu\u00e7\u00f5es sob medida. Juntos, constru\u00edmos um plano estrat\u00e9gico para o seu projeto.<\/p>\t\t\t\t\t\t\t\t<\/div>\n\t\t\t\t<div class=\"elementor-element elementor-element-bb0f07c elementor-widget elementor-widget-text-editor\" data-id=\"bb0f07c\" data-element_type=\"widget\" data-widget_type=\"text-editor.default\">\n\t\t\t\t\t\t\t\t\t<p><span style=\"font-style: inherit; font-weight: inherit;\">Acreditamos que a colabora\u00e7\u00e3o \u00e9 a palavra-chave. Afinal, transpar\u00eancia e escuta ativa garantem um processo leve e flu\u00eddo.<\/span><\/p>\t\t\t\t\t\t\t\t<\/div>\n\t\t\t\t<div class=\"elementor-element elementor-element-11342cb elementor-widget elementor-widget-text-editor\" data-id=\"11342cb\" data-element_type=\"widget\" data-widget_type=\"text-editor.default\">\n\t\t\t\t\t\t\t\t\t<p><span style=\"font-style: inherit; font-weight: inherit;\">Consequentemente, criamos designs \u00fanicos que traduzem a ess\u00eancia do seu neg\u00f3cio e encantam seu p\u00fablico. A <\/span><b style=\"font-style: inherit;\">originalidade \u00e9 o nosso lema!<\/b><span style=\"font-style: inherit; font-weight: inherit;\">.<\/span><\/p>\t\t\t\t\t\t\t\t<\/div>\n\t\t\t\t<div class=\"elementor-element elementor-element-fcbefaa elementor-widget elementor-widget-text-editor\" data-id=\"fcbefaa\" data-element_type=\"widget\" data-widget_type=\"text-editor.default\">\n\t\t\t\t\t\t\t\t\t<p>Onde Damos um noh<\/p>\t\t\t\t\t\t\t\t<\/div>\n\t\t\t\t<div class=\"elementor-element elementor-element-48fbf86 elementor-widget elementor-widget-text-editor\" data-id=\"48fbf86\" data-element_type=\"widget\" data-widget_type=\"text-editor.default\">\n\t\t\t\t\t\t\t\t\t<p>Levamos sua marca at\u00e9 o seu p\u00fablico-alvo com campanhas e estrat\u00e9gias que geram resultados. Transformamos suas ideias em uma identidade visual incr\u00edvel, da logo aos materiais de comunica\u00e7\u00e3o.<\/p>\t\t\t\t\t\t\t\t<\/div>\n\t\t\t\t<div class=\"elementor-element elementor-element-dbc898d elementor-widget elementor-widget-text-editor\" data-id=\"dbc898d\" data-element_type=\"widget\" data-widget_type=\"text-editor.default\">\n\t\t\t\t\t\t\t\t\t<ul><li><p>Servi\u00e7os Completos: Gest\u00e3o de M\u00eddias, Marketing Digital &amp; SEO, Copy, Branding e Assessoria de Imprensa.<\/p><\/li><li><p>Solu\u00e7\u00f5es Criativas: Design Gr\u00e1fico, Desenvolvimento de Site, UX e UI.<\/p><\/li><\/ul>\t\t\t\t\t\t\t\t<\/div>\n\t\t\t\t<div class=\"elementor-element elementor-element-40f6e01 elementor-widget elementor-widget-text-editor\" data-id=\"40f6e01\" data-element_type=\"widget\" data-widget_type=\"text-editor.default\">\n\t\t\t\t\t\t\t\t\t<p>A gente te ajuda a encontrar o seu lugar no mercado e a definir a voz da sua marca.<\/p><p><b>D\u00ea um noh nas suas ideias com a noh.<\/b><\/p>\t\t\t\t\t\t\t\t<\/div>\n\t\t\t\t\t<\/div>\n\t\t\t\t<\/div>\n\t\t\t\t<\/div>\n\t\t","protected":false},"excerpt":{"rendered":"<p>Somos a noh: O est\u00fadio criativo que d\u00e1 um n\u00f3 nas suas Ideias Artistas, Contadores de Hist\u00f3rias e Solucionadores de [&hellip;]<\/p>\n","protected":false},"author":1,"featured_media":119,"parent":0,"menu_order":0,"comment_status":"closed","ping_status":"closed","template":"","meta":{"_uag_custom_page_level_css":"","site-sidebar-layout":"no-sidebar","site-content-layout":"","ast-site-content-layout":"full-width-container","site-content-style":"default","site-sidebar-style":"default","ast-global-header-display":"","ast-banner-title-visibility":"","ast-main-header-display":"","ast-hfb-above-header-display":"","ast-hfb-below-header-display":"","ast-hfb-mobile-header-display":"","site-post-title":"disabled","ast-breadcrumbs-content":"","ast-featured-img":"disabled","footer-sml-layout":"","theme-transparent-header-meta":"","adv-header-id-meta":"","stick-header-meta":"","header-above-stick-meta":"","header-main-stick-meta":"","header-below-stick-meta":"","astra-migrate-meta-layouts":"default","ast-page-background-enabled":"default","ast-page-background-meta":{"desktop":{"background-color":"var(--ast-global-color-5)","background-image":"","background-repeat":"repeat","background-position":"center center","background-size":"auto","background-attachment":"scroll","background-type":"","background-media":"","overlay-type":"","overlay-color":"","overlay-opacity":"","overlay-gradient":""},"tablet":{"background-color":"","background-image":"","background-repeat":"repeat","background-position":"center center","background-size":"auto","background-attachment":"scroll","background-type":"","background-media":"","overlay-type":"","overlay-color":"","overlay-opacity":"","overlay-gradient":""},"mobile":{"background-color":"","background-image":"","background-repeat":"repeat","background-position":"center center","background-size":"auto","background-attachment":"scroll","background-type":"","background-media":"","overlay-type":"","overlay-color":"","overlay-opacity":"","overlay-gradient":""}},"ast-content-background-meta":{"desktop":{"background-color":"var(--ast-global-color-4)","background-image":"","background-repeat":"repeat","background-position":"center center","background-size":"auto","background-attachment":"scroll","background-type":"","background-media":"","overlay-type":"","overlay-color":"","overlay-opacity":"","overlay-gradient":""},"tablet":{"background-color":"var(--ast-global-color-4)","background-image":"","background-repeat":"repeat","background-position":"center center","background-size":"auto","background-attachment":"scroll","background-type":"","background-media":"","overlay-type":"","overlay-color":"","overlay-opacity":"","overlay-gradient":""},"mobile":{"background-color":"var(--ast-global-color-4)","background-image":"","background-repeat":"repeat","background-position":"center center","background-size":"auto","background-attachment":"scroll","background-type":"","background-media":"","overlay-type":"","overlay-color":"","overlay-opacity":"","overlay-gradient":""}},"footnotes":""},"class_list":["post-184","page","type-page","status-publish","has-post-thumbnail","hentry"],"yoast_head":"<!-- This site is optimized with the Yoast SEO plugin v26.1.1 - https:\/\/yoast.com\/wordpress\/plugins\/seo\/ -->\n<title>Est\u00fadio Criativo Branding e Design | Sobre Nohs<\/title>\n<meta name=\"description\" content=\"Explore como o noh Est\u00fadio pode simplificar seu processo criativo e construir uma marca de impacto.\" \/>\n<meta name=\"robots\" content=\"index, follow, max-snippet:-1, max-image-preview:large, max-video-preview:-1\" \/>\n<link rel=\"canonical\" href=\"https:\/\/estudionoh.com\/home\/sobre-nohs\/\" \/>\n<meta property=\"og:locale\" content=\"pt_BR\" \/>\n<meta property=\"og:type\" content=\"article\" \/>\n<meta property=\"og:title\" content=\"Est\u00fadio Criativo Branding e Design | Sobre Nohs\" \/>\n<meta property=\"og:description\" content=\"Explore como o noh Est\u00fadio pode simplificar seu processo criativo e construir uma marca de impacto.\" \/>\n<meta property=\"og:url\" content=\"https:\/\/estudionoh.com\/home\/sobre-nohs\/\" \/>\n<meta property=\"og:site_name\" content=\"Est\u00fadio Noh\" \/>\n<meta property=\"article:modified_time\" content=\"2025-10-21T22:47:22+00:00\" \/>\n<meta property=\"og:image\" content=\"https:\/\/estudionoh.com\/wp-content\/uploads\/2025\/10\/noh.png\" \/>\n\t<meta property=\"og:image:width\" content=\"1256\" \/>\n\t<meta property=\"og:image:height\" content=\"1256\" \/>\n\t<meta property=\"og:image:type\" content=\"image\/png\" \/>\n<meta name=\"twitter:card\" content=\"summary_large_image\" \/>\n<meta name=\"twitter:label1\" content=\"Est. tempo de leitura\" \/>\n\t<meta name=\"twitter:data1\" content=\"2 minutos\" \/>\n<script type=\"application\/ld+json\" class=\"yoast-schema-graph\">{\"@context\":\"https:\/\/schema.org\",\"@graph\":[{\"@type\":\"WebPage\",\"@id\":\"https:\/\/estudionoh.com\/home\/sobre-nohs\/\",\"url\":\"https:\/\/estudionoh.com\/home\/sobre-nohs\/\",\"name\":\"Est\u00fadio Criativo Branding e Design | Sobre Nohs\",\"isPartOf\":{\"@id\":\"https:\/\/navajowhite-wolverine-552096.hostingersite.com\/home\/#website\"},\"primaryImageOfPage\":{\"@id\":\"https:\/\/estudionoh.com\/home\/sobre-nohs\/#primaryimage\"},\"image\":{\"@id\":\"https:\/\/estudionoh.com\/home\/sobre-nohs\/#primaryimage\"},\"thumbnailUrl\":\"https:\/\/estudionoh.com\/wp-content\/uploads\/2025\/10\/noh.png\",\"datePublished\":\"2025-10-21T22:38:49+00:00\",\"dateModified\":\"2025-10-21T22:47:22+00:00\",\"description\":\"Explore como o noh Est\u00fadio pode simplificar seu processo criativo e construir uma marca de impacto.\",\"breadcrumb\":{\"@id\":\"https:\/\/estudionoh.com\/home\/sobre-nohs\/#breadcrumb\"},\"inLanguage\":\"pt-BR\",\"potentialAction\":[{\"@type\":\"ReadAction\",\"target\":[\"https:\/\/estudionoh.com\/home\/sobre-nohs\/\"]}]},{\"@type\":\"ImageObject\",\"inLanguage\":\"pt-BR\",\"@id\":\"https:\/\/estudionoh.com\/home\/sobre-nohs\/#primaryimage\",\"url\":\"https:\/\/estudionoh.com\/wp-content\/uploads\/2025\/10\/noh.png\",\"contentUrl\":\"https:\/\/estudionoh.com\/wp-content\/uploads\/2025\/10\/noh.png\",\"width\":1256,\"height\":1256},{\"@type\":\"BreadcrumbList\",\"@id\":\"https:\/\/estudionoh.com\/home\/sobre-nohs\/#breadcrumb\",\"itemListElement\":[{\"@type\":\"ListItem\",\"position\":1,\"name\":\"In\u00edcio\",\"item\":\"https:\/\/navajowhite-wolverine-552096.hostingersite.com\/home\/\"},{\"@type\":\"ListItem\",\"position\":2,\"name\":\"Sobre Nohs\"}]},{\"@type\":\"WebSite\",\"@id\":\"https:\/\/navajowhite-wolverine-552096.hostingersite.com\/home\/#website\",\"url\":\"https:\/\/navajowhite-wolverine-552096.hostingersite.com\/home\/\",\"name\":\"Est\u00fadio Noh\",\"description\":\"Site o est\u00fadio Noh, uma g\u00eancia de Marketing e Design 360\",\"publisher\":{\"@id\":\"https:\/\/navajowhite-wolverine-552096.hostingersite.com\/home\/#organization\"},\"alternateName\":\"Noh\",\"potentialAction\":[{\"@type\":\"SearchAction\",\"target\":{\"@type\":\"EntryPoint\",\"urlTemplate\":\"https:\/\/navajowhite-wolverine-552096.hostingersite.com\/home\/?s={search_term_string}\"},\"query-input\":{\"@type\":\"PropertyValueSpecification\",\"valueRequired\":true,\"valueName\":\"search_term_string\"}}],\"inLanguage\":\"pt-BR\"},{\"@type\":\"Organization\",\"@id\":\"https:\/\/navajowhite-wolverine-552096.hostingersite.com\/home\/#organization\",\"name\":\"Est\u00fadio Noh\",\"url\":\"https:\/\/navajowhite-wolverine-552096.hostingersite.com\/home\/\",\"logo\":{\"@type\":\"ImageObject\",\"inLanguage\":\"pt-BR\",\"@id\":\"https:\/\/navajowhite-wolverine-552096.hostingersite.com\/home\/#\/schema\/logo\/image\/\",\"url\":\"https:\/\/estudionoh.com\/wp-content\/uploads\/2025\/10\/noh.png\",\"contentUrl\":\"https:\/\/estudionoh.com\/wp-content\/uploads\/2025\/10\/noh.png\",\"width\":1256,\"height\":1256,\"caption\":\"Est\u00fadio Noh\"},\"image\":{\"@id\":\"https:\/\/navajowhite-wolverine-552096.hostingersite.com\/home\/#\/schema\/logo\/image\/\"},\"sameAs\":[\"https:\/\/www.instagram.com\/noh.estudio\",\"https:\/\/www.linkedin.com\/company\/estudio-noh\"]}]}<\/script>\n<!-- \/ Yoast SEO plugin. -->","yoast_head_json":{"title":"Est\u00fadio Criativo Branding e Design | Sobre Nohs","description":"Explore como o noh Est\u00fadio pode simplificar seu processo criativo e construir uma marca de impacto.","robots":{"index":"index","follow":"follow","max-snippet":"max-snippet:-1","max-image-preview":"max-image-preview:large","max-video-preview":"max-video-preview:-1"},"canonical":"https:\/\/estudionoh.com\/home\/sobre-nohs\/","og_locale":"pt_BR","og_type":"article","og_title":"Est\u00fadio Criativo Branding e Design | Sobre Nohs","og_description":"Explore como o noh Est\u00fadio pode simplificar seu processo criativo e construir uma marca de impacto.","og_url":"https:\/\/estudionoh.com\/home\/sobre-nohs\/","og_site_name":"Est\u00fadio Noh","article_modified_time":"2025-10-21T22:47:22+00:00","og_image":[{"width":1256,"height":1256,"url":"https:\/\/estudionoh.com\/wp-content\/uploads\/2025\/10\/noh.png","type":"image\/png"}],"twitter_card":"summary_large_image","twitter_misc":{"Est. tempo de leitura":"2 minutos"},"schema":{"@context":"https:\/\/schema.org","@graph":[{"@type":"WebPage","@id":"https:\/\/estudionoh.com\/home\/sobre-nohs\/","url":"https:\/\/estudionoh.com\/home\/sobre-nohs\/","name":"Est\u00fadio Criativo Branding e Design | Sobre Nohs","isPartOf":{"@id":"https:\/\/navajowhite-wolverine-552096.hostingersite.com\/home\/#website"},"primaryImageOfPage":{"@id":"https:\/\/estudionoh.com\/home\/sobre-nohs\/#primaryimage"},"image":{"@id":"https:\/\/estudionoh.com\/home\/sobre-nohs\/#primaryimage"},"thumbnailUrl":"https:\/\/estudionoh.com\/wp-content\/uploads\/2025\/10\/noh.png","datePublished":"2025-10-21T22:38:49+00:00","dateModified":"2025-10-21T22:47:22+00:00","description":"Explore como o noh Est\u00fadio pode simplificar seu processo criativo e construir uma marca de impacto.","breadcrumb":{"@id":"https:\/\/estudionoh.com\/home\/sobre-nohs\/#breadcrumb"},"inLanguage":"pt-BR","potentialAction":[{"@type":"ReadAction","target":["https:\/\/estudionoh.com\/home\/sobre-nohs\/"]}]},{"@type":"ImageObject","inLanguage":"pt-BR","@id":"https:\/\/estudionoh.com\/home\/sobre-nohs\/#primaryimage","url":"https:\/\/estudionoh.com\/wp-content\/uploads\/2025\/10\/noh.png","contentUrl":"https:\/\/estudionoh.com\/wp-content\/uploads\/2025\/10\/noh.png","width":1256,"height":1256},{"@type":"BreadcrumbList","@id":"https:\/\/estudionoh.com\/home\/sobre-nohs\/#breadcrumb","itemListElement":[{"@type":"ListItem","position":1,"name":"In\u00edcio","item":"https:\/\/navajowhite-wolverine-552096.hostingersite.com\/home\/"},{"@type":"ListItem","position":2,"name":"Sobre Nohs"}]},{"@type":"WebSite","@id":"https:\/\/navajowhite-wolverine-552096.hostingersite.com\/home\/#website","url":"https:\/\/navajowhite-wolverine-552096.hostingersite.com\/home\/","name":"Est\u00fadio Noh","description":"Site o est\u00fadio Noh, uma g\u00eancia de Marketing e Design 360","publisher":{"@id":"https:\/\/navajowhite-wolverine-552096.hostingersite.com\/home\/#organization"},"alternateName":"Noh","potentialAction":[{"@type":"SearchAction","target":{"@type":"EntryPoint","urlTemplate":"https:\/\/navajowhite-wolverine-552096.hostingersite.com\/home\/?s={search_term_string}"},"query-input":{"@type":"PropertyValueSpecification","valueRequired":true,"valueName":"search_term_string"}}],"inLanguage":"pt-BR"},{"@type":"Organization","@id":"https:\/\/navajowhite-wolverine-552096.hostingersite.com\/home\/#organization","name":"Est\u00fadio Noh","url":"https:\/\/navajowhite-wolverine-552096.hostingersite.com\/home\/","logo":{"@type":"ImageObject","inLanguage":"pt-BR","@id":"https:\/\/navajowhite-wolverine-552096.hostingersite.com\/home\/#\/schema\/logo\/image\/","url":"https:\/\/estudionoh.com\/wp-content\/uploads\/2025\/10\/noh.png","contentUrl":"https:\/\/estudionoh.com\/wp-content\/uploads\/2025\/10\/noh.png","width":1256,"height":1256,"caption":"Est\u00fadio Noh"},"image":{"@id":"https:\/\/navajowhite-wolverine-552096.hostingersite.com\/home\/#\/schema\/logo\/image\/"},"sameAs":["https:\/\/www.instagram.com\/noh.estudio","https:\/\/www.linkedin.com\/company\/estudio-noh"]}]}},"_hostinger_reach_plugin_has_subscription_block":false,"_hostinger_reach_plugin_is_elementor":false,"uagb_featured_image_src":{"full":["https:\/\/estudionoh.com\/wp-content\/uploads\/2025\/10\/noh.png",1256,1256,false],"thumbnail":["https:\/\/estudionoh.com\/wp-content\/uploads\/2025\/10\/noh-150x150.png",150,150,true],"medium":["https:\/\/estudionoh.com\/wp-content\/uploads\/2025\/10\/noh-300x300.png",300,300,true],"medium_large":["https:\/\/estudionoh.com\/wp-content\/uploads\/2025\/10\/noh-768x768.png",768,768,true],"large":["https:\/\/estudionoh.com\/wp-content\/uploads\/2025\/10\/noh-1024x1024.png",1024,1024,true],"1536x1536":["https:\/\/estudionoh.com\/wp-content\/uploads\/2025\/10\/noh.png",1256,1256,false],"2048x2048":["https:\/\/estudionoh.com\/wp-content\/uploads\/2025\/10\/noh.png",1256,1256,false]},"uagb_author_info":{"display_name":"estudionooh@gmail.com","author_link":"https:\/\/estudionoh.com\/home\/author\/estudionoohgmail-com\/"},"uagb_comment_info":0,"uagb_excerpt":"Somos a noh: O est\u00fadio criativo que d\u00e1 um n\u00f3 nas suas Ideias Artistas, Contadores de Hist\u00f3rias e Solucionadores de [&hellip;]","_links":{"self":[{"href":"https:\/\/estudionoh.com\/home\/wp-json\/wp\/v2\/pages\/184","targetHints":{"allow":["GET"]}}],"collection":[{"href":"https:\/\/estudionoh.com\/home\/wp-json\/wp\/v2\/pages"}],"about":[{"href":"https:\/\/estudionoh.com\/home\/wp-json\/wp\/v2\/types\/page"}],"author":[{"embeddable":true,"href":"https:\/\/estudionoh.com\/home\/wp-json\/wp\/v2\/users\/1"}],"replies":[{"embeddable":true,"href":"https:\/\/estudionoh.com\/home\/wp-json\/wp\/v2\/comments?post=184"}],"version-history":[{"count":13,"href":"https:\/\/estudionoh.com\/home\/wp-json\/wp\/v2\/pages\/184\/revisions"}],"predecessor-version":[{"id":200,"href":"https:\/\/estudionoh.com\/home\/wp-json\/wp\/v2\/pages\/184\/revisions\/200"}],"wp:featuredmedia":[{"embeddable":true,"href":"https:\/\/estudionoh.com\/home\/wp-json\/wp\/v2\/media\/119"}],"wp:attachment":[{"href":"https:\/\/estudionoh.com\/home\/wp-json\/wp\/v2\/media?parent=184"}],"curies":[{"name":"wp","href":"https:\/\/api.w.org\/{rel}","templated":true}]}}