{"id":170,"date":"2025-10-21T22:17:29","date_gmt":"2025-10-21T22:17:29","guid":{"rendered":"https:\/\/estudionoh.com\/home\/?page_id=170"},"modified":"2025-10-21T22:29:35","modified_gmt":"2025-10-21T22:29:35","slug":"projetos","status":"publish","type":"page","link":"https:\/\/estudionoh.com\/home\/projetos\/","title":{"rendered":"Projetos"},"content":{"rendered":"\t\t<div data-elementor-type=\"wp-page\" data-elementor-id=\"170\" class=\"elementor elementor-170\" data-elementor-post-type=\"page\">\n\t\t\t\t<div class=\"elementor-element elementor-element-8eda139 e-flex e-con-boxed e-con e-parent\" data-id=\"8eda139\" data-element_type=\"container\">\n\t\t\t\t\t<div class=\"e-con-inner\">\n\t\t\t\t<div class=\"elementor-element elementor-element-e29cc46 elementor-widget elementor-widget-heading\" data-id=\"e29cc46\" data-element_type=\"widget\" data-widget_type=\"heading.default\">\n\t\t\t\t\t<h2 class=\"elementor-heading-title elementor-size-default\">Projetos noh<\/h2>\t\t\t\t<\/div>\n\t\t\t\t<div class=\"elementor-element elementor-element-2d1cb48 elementor-widget elementor-widget-text-editor\" data-id=\"2d1cb48\" data-element_type=\"widget\" data-widget_type=\"text-editor.default\">\n\t\t\t\t\t\t\t\t\t<p>Somos o est\u00fadio criativo que transforma desafios em experi\u00eancias visuais \u00fanicas. A originalidade \u00e9 o nosso lema!<\/p>\t\t\t\t\t\t\t\t<\/div>\n\t\t\t\t\t<\/div>\n\t\t\t\t<\/div>\n\t\t<div class=\"elementor-element elementor-element-87636e9 e-flex e-con-boxed e-con e-parent\" data-id=\"87636e9\" data-element_type=\"container\">\n\t\t\t\t\t<div class=\"e-con-inner\">\n\t\t<div class=\"elementor-element elementor-element-173b726 e-con-full e-flex e-con e-child\" data-id=\"173b726\" data-element_type=\"container\">\n\t\t<div class=\"elementor-element elementor-element-baee325 e-grid e-con-full e-con e-child\" data-id=\"baee325\" data-element_type=\"container\">\n\t\t<div class=\"elementor-element elementor-element-38e2432 e-con-full e-flex e-con e-child\" data-id=\"38e2432\" data-element_type=\"container\" data-settings=\"{&quot;background_background&quot;:&quot;classic&quot;}\">\n\t\t\t\t<div class=\"elementor-element elementor-element-c1e4d68 elementor-widget elementor-widget-text-editor\" data-id=\"c1e4d68\" data-element_type=\"widget\" data-widget_type=\"text-editor.default\">\n\t\t\t\t\t\t\t\t\t<p>Identidade Visual<\/p>\t\t\t\t\t\t\t\t<\/div>\n\t\t\t\t<div class=\"elementor-element elementor-element-59d9074 elementor-widget elementor-widget-text-editor\" data-id=\"59d9074\" data-element_type=\"widget\" data-widget_type=\"text-editor.default\">\n\t\t\t\t\t\t\t\t\t<p>Nicollas Vieira<\/p>\t\t\t\t\t\t\t\t<\/div>\n\t\t\t\t<\/div>\n\t\t<a class=\"elementor-element elementor-element-8664c63 e-con-full e-flex e-con e-child\" data-id=\"8664c63\" data-element_type=\"container\" data-settings=\"{&quot;background_background&quot;:&quot;classic&quot;}\" href=\"https:\/\/estudionoh.com\/home\/projeto-eduque\/\">\n\t\t\t\t<div class=\"elementor-element elementor-element-6380e37 elementor-widget elementor-widget-text-editor\" data-id=\"6380e37\" data-element_type=\"widget\" data-widget_type=\"text-editor.default\">\n\t\t\t\t\t\t\t\t\t<p>Identidade Visual e UX\/UI<\/p>\t\t\t\t\t\t\t\t<\/div>\n\t\t\t\t<div class=\"elementor-element elementor-element-c134b64 elementor-widget elementor-widget-text-editor\" data-id=\"c134b64\" data-element_type=\"widget\" data-widget_type=\"text-editor.default\">\n\t\t\t\t\t\t\t\t\t<p>Portal Eduque<\/p>\t\t\t\t\t\t\t\t<\/div>\n\t\t\t\t<\/a>\n\t\t<a class=\"elementor-element elementor-element-97a2e86 e-con-full e-flex e-con e-child\" data-id=\"97a2e86\" data-element_type=\"container\" data-settings=\"{&quot;background_background&quot;:&quot;classic&quot;}\" href=\"https:\/\/estudionoh.com\/home\/projeto-codemesh\/\">\n\t\t\t\t<div class=\"elementor-element elementor-element-3656b6c elementor-widget elementor-widget-text-editor\" data-id=\"3656b6c\" data-element_type=\"widget\" data-widget_type=\"text-editor.default\">\n\t\t\t\t\t\t\t\t\t<p>Identidade Visual e UX\/UI<\/p>\t\t\t\t\t\t\t\t<\/div>\n\t\t\t\t<div class=\"elementor-element elementor-element-ba9be03 elementor-widget elementor-widget-text-editor\" data-id=\"ba9be03\" data-element_type=\"widget\" data-widget_type=\"text-editor.default\">\n\t\t\t\t\t\t\t\t\t<p>Codemesh<\/p>\t\t\t\t\t\t\t\t<\/div>\n\t\t\t\t<\/a>\n\t\t\t\t<\/div>\n\t\t\t\t<\/div>\n\t\t\t\t\t<\/div>\n\t\t\t\t<\/div>\n\t\t\t\t<\/div>\n\t\t","protected":false},"excerpt":{"rendered":"<p>Projetos noh Somos o est\u00fadio criativo que transforma desafios em experi\u00eancias visuais \u00fanicas. A originalidade \u00e9 o nosso lema! Identidade [&hellip;]<\/p>\n","protected":false},"author":1,"featured_media":119,"parent":0,"menu_order":0,"comment_status":"closed","ping_status":"closed","template":"","meta":{"_uag_custom_page_level_css":"","site-sidebar-layout":"no-sidebar","site-content-layout":"","ast-site-content-layout":"full-width-container","site-content-style":"default","site-sidebar-style":"default","ast-global-header-display":"","ast-banner-title-visibility":"","ast-main-header-display":"","ast-hfb-above-header-display":"","ast-hfb-below-header-display":"","ast-hfb-mobile-header-display":"","site-post-title":"disabled","ast-breadcrumbs-content":"","ast-featured-img":"disabled","footer-sml-layout":"","theme-transparent-header-meta":"","adv-header-id-meta":"","stick-header-meta":"","header-above-stick-meta":"","header-main-stick-meta":"","header-below-stick-meta":"","astra-migrate-meta-layouts":"default","ast-page-background-enabled":"default","ast-page-background-meta":{"desktop":{"background-color":"var(--ast-global-color-5)","background-image":"","background-repeat":"repeat","background-position":"center center","background-size":"auto","background-attachment":"scroll","background-type":"","background-media":"","overlay-type":"","overlay-color":"","overlay-opacity":"","overlay-gradient":""},"tablet":{"background-color":"","background-image":"","background-repeat":"repeat","background-position":"center center","background-size":"auto","background-attachment":"scroll","background-type":"","background-media":"","overlay-type":"","overlay-color":"","overlay-opacity":"","overlay-gradient":""},"mobile":{"background-color":"","background-image":"","background-repeat":"repeat","background-position":"center center","background-size":"auto","background-attachment":"scroll","background-type":"","background-media":"","overlay-type":"","overlay-color":"","overlay-opacity":"","overlay-gradient":""}},"ast-content-background-meta":{"desktop":{"background-color":"var(--ast-global-color-4)","background-image":"","background-repeat":"repeat","background-position":"center center","background-size":"auto","background-attachment":"scroll","background-type":"","background-media":"","overlay-type":"","overlay-color":"","overlay-opacity":"","overlay-gradient":""},"tablet":{"background-color":"var(--ast-global-color-4)","background-image":"","background-repeat":"repeat","background-position":"center center","background-size":"auto","background-attachment":"scroll","background-type":"","background-media":"","overlay-type":"","overlay-color":"","overlay-opacity":"","overlay-gradient":""},"mobile":{"background-color":"var(--ast-global-color-4)","background-image":"","background-repeat":"repeat","background-position":"center center","background-size":"auto","background-attachment":"scroll","background-type":"","background-media":"","overlay-type":"","overlay-color":"","overlay-opacity":"","overlay-gradient":""}},"footnotes":""},"class_list":["post-170","page","type-page","status-publish","has-post-thumbnail","hentry"],"yoast_head":"<!-- This site is optimized with the Yoast SEO plugin v26.1.1 - https:\/\/yoast.com\/wordpress\/plugins\/seo\/ -->\n<title>Portf\u00f3lio Branding m\u00eddias sociais e UX\/UI Criativo<\/title>\n<meta name=\"description\" content=\"Explore nosso Portf\u00f3lio Branding m\u00eddias sociais e UX\/UI e veja como criamos experi\u00eancias visuais inesquec\u00edveis.\" \/>\n<meta name=\"robots\" content=\"index, follow, max-snippet:-1, max-image-preview:large, max-video-preview:-1\" \/>\n<link rel=\"canonical\" href=\"https:\/\/estudionoh.com\/home\/projetos\/\" \/>\n<meta property=\"og:locale\" content=\"pt_BR\" \/>\n<meta property=\"og:type\" content=\"article\" \/>\n<meta property=\"og:title\" content=\"Portf\u00f3lio Branding m\u00eddias sociais e UX\/UI Criativo\" \/>\n<meta property=\"og:description\" content=\"Explore nosso Portf\u00f3lio Branding m\u00eddias sociais e UX\/UI e veja como criamos experi\u00eancias visuais inesquec\u00edveis.\" \/>\n<meta property=\"og:url\" content=\"https:\/\/estudionoh.com\/home\/projetos\/\" \/>\n<meta property=\"og:site_name\" content=\"Est\u00fadio Noh\" \/>\n<meta property=\"article:modified_time\" content=\"2025-10-21T22:29:35+00:00\" \/>\n<meta property=\"og:image\" content=\"https:\/\/estudionoh.com\/wp-content\/uploads\/2025\/10\/noh.png\" \/>\n\t<meta property=\"og:image:width\" content=\"1256\" \/>\n\t<meta property=\"og:image:height\" content=\"1256\" \/>\n\t<meta property=\"og:image:type\" content=\"image\/png\" \/>\n<meta name=\"twitter:card\" content=\"summary_large_image\" \/>\n<meta name=\"twitter:label1\" content=\"Est. tempo de leitura\" \/>\n\t<meta name=\"twitter:data1\" content=\"1 minuto\" \/>\n<script type=\"application\/ld+json\" class=\"yoast-schema-graph\">{\"@context\":\"https:\/\/schema.org\",\"@graph\":[{\"@type\":\"WebPage\",\"@id\":\"https:\/\/estudionoh.com\/home\/projetos\/\",\"url\":\"https:\/\/estudionoh.com\/home\/projetos\/\",\"name\":\"Portf\u00f3lio Branding m\u00eddias sociais e UX\/UI Criativo\",\"isPartOf\":{\"@id\":\"https:\/\/navajowhite-wolverine-552096.hostingersite.com\/home\/#website\"},\"primaryImageOfPage\":{\"@id\":\"https:\/\/estudionoh.com\/home\/projetos\/#primaryimage\"},\"image\":{\"@id\":\"https:\/\/estudionoh.com\/home\/projetos\/#primaryimage\"},\"thumbnailUrl\":\"https:\/\/estudionoh.com\/wp-content\/uploads\/2025\/10\/noh.png\",\"datePublished\":\"2025-10-21T22:17:29+00:00\",\"dateModified\":\"2025-10-21T22:29:35+00:00\",\"description\":\"Explore nosso Portf\u00f3lio Branding m\u00eddias sociais e UX\/UI e veja como criamos experi\u00eancias visuais inesquec\u00edveis.\",\"breadcrumb\":{\"@id\":\"https:\/\/estudionoh.com\/home\/projetos\/#breadcrumb\"},\"inLanguage\":\"pt-BR\",\"potentialAction\":[{\"@type\":\"ReadAction\",\"target\":[\"https:\/\/estudionoh.com\/home\/projetos\/\"]}]},{\"@type\":\"ImageObject\",\"inLanguage\":\"pt-BR\",\"@id\":\"https:\/\/estudionoh.com\/home\/projetos\/#primaryimage\",\"url\":\"https:\/\/estudionoh.com\/wp-content\/uploads\/2025\/10\/noh.png\",\"contentUrl\":\"https:\/\/estudionoh.com\/wp-content\/uploads\/2025\/10\/noh.png\",\"width\":1256,\"height\":1256},{\"@type\":\"BreadcrumbList\",\"@id\":\"https:\/\/estudionoh.com\/home\/projetos\/#breadcrumb\",\"itemListElement\":[{\"@type\":\"ListItem\",\"position\":1,\"name\":\"In\u00edcio\",\"item\":\"https:\/\/navajowhite-wolverine-552096.hostingersite.com\/home\/\"},{\"@type\":\"ListItem\",\"position\":2,\"name\":\"Projetos\"}]},{\"@type\":\"WebSite\",\"@id\":\"https:\/\/navajowhite-wolverine-552096.hostingersite.com\/home\/#website\",\"url\":\"https:\/\/navajowhite-wolverine-552096.hostingersite.com\/home\/\",\"name\":\"Est\u00fadio Noh\",\"description\":\"Site o est\u00fadio Noh, uma g\u00eancia de Marketing e Design 360\",\"publisher\":{\"@id\":\"https:\/\/navajowhite-wolverine-552096.hostingersite.com\/home\/#organization\"},\"alternateName\":\"Noh\",\"potentialAction\":[{\"@type\":\"SearchAction\",\"target\":{\"@type\":\"EntryPoint\",\"urlTemplate\":\"https:\/\/navajowhite-wolverine-552096.hostingersite.com\/home\/?s={search_term_string}\"},\"query-input\":{\"@type\":\"PropertyValueSpecification\",\"valueRequired\":true,\"valueName\":\"search_term_string\"}}],\"inLanguage\":\"pt-BR\"},{\"@type\":\"Organization\",\"@id\":\"https:\/\/navajowhite-wolverine-552096.hostingersite.com\/home\/#organization\",\"name\":\"Est\u00fadio Noh\",\"url\":\"https:\/\/navajowhite-wolverine-552096.hostingersite.com\/home\/\",\"logo\":{\"@type\":\"ImageObject\",\"inLanguage\":\"pt-BR\",\"@id\":\"https:\/\/navajowhite-wolverine-552096.hostingersite.com\/home\/#\/schema\/logo\/image\/\",\"url\":\"https:\/\/estudionoh.com\/wp-content\/uploads\/2025\/10\/noh.png\",\"contentUrl\":\"https:\/\/estudionoh.com\/wp-content\/uploads\/2025\/10\/noh.png\",\"width\":1256,\"height\":1256,\"caption\":\"Est\u00fadio Noh\"},\"image\":{\"@id\":\"https:\/\/navajowhite-wolverine-552096.hostingersite.com\/home\/#\/schema\/logo\/image\/\"},\"sameAs\":[\"https:\/\/www.instagram.com\/noh.estudio\",\"https:\/\/www.linkedin.com\/company\/estudio-noh\"]}]}<\/script>\n<!-- \/ Yoast SEO plugin. -->","yoast_head_json":{"title":"Portf\u00f3lio Branding m\u00eddias sociais e UX\/UI Criativo","description":"Explore nosso Portf\u00f3lio Branding m\u00eddias sociais e UX\/UI e veja como criamos experi\u00eancias visuais inesquec\u00edveis.","robots":{"index":"index","follow":"follow","max-snippet":"max-snippet:-1","max-image-preview":"max-image-preview:large","max-video-preview":"max-video-preview:-1"},"canonical":"https:\/\/estudionoh.com\/home\/projetos\/","og_locale":"pt_BR","og_type":"article","og_title":"Portf\u00f3lio Branding m\u00eddias sociais e UX\/UI Criativo","og_description":"Explore nosso Portf\u00f3lio Branding m\u00eddias sociais e UX\/UI e veja como criamos experi\u00eancias visuais inesquec\u00edveis.","og_url":"https:\/\/estudionoh.com\/home\/projetos\/","og_site_name":"Est\u00fadio Noh","article_modified_time":"2025-10-21T22:29:35+00:00","og_image":[{"width":1256,"height":1256,"url":"https:\/\/estudionoh.com\/wp-content\/uploads\/2025\/10\/noh.png","type":"image\/png"}],"twitter_card":"summary_large_image","twitter_misc":{"Est. tempo de leitura":"1 minuto"},"schema":{"@context":"https:\/\/schema.org","@graph":[{"@type":"WebPage","@id":"https:\/\/estudionoh.com\/home\/projetos\/","url":"https:\/\/estudionoh.com\/home\/projetos\/","name":"Portf\u00f3lio Branding m\u00eddias sociais e UX\/UI Criativo","isPartOf":{"@id":"https:\/\/navajowhite-wolverine-552096.hostingersite.com\/home\/#website"},"primaryImageOfPage":{"@id":"https:\/\/estudionoh.com\/home\/projetos\/#primaryimage"},"image":{"@id":"https:\/\/estudionoh.com\/home\/projetos\/#primaryimage"},"thumbnailUrl":"https:\/\/estudionoh.com\/wp-content\/uploads\/2025\/10\/noh.png","datePublished":"2025-10-21T22:17:29+00:00","dateModified":"2025-10-21T22:29:35+00:00","description":"Explore nosso Portf\u00f3lio Branding m\u00eddias sociais e UX\/UI e veja como criamos experi\u00eancias visuais inesquec\u00edveis.","breadcrumb":{"@id":"https:\/\/estudionoh.com\/home\/projetos\/#breadcrumb"},"inLanguage":"pt-BR","potentialAction":[{"@type":"ReadAction","target":["https:\/\/estudionoh.com\/home\/projetos\/"]}]},{"@type":"ImageObject","inLanguage":"pt-BR","@id":"https:\/\/estudionoh.com\/home\/projetos\/#primaryimage","url":"https:\/\/estudionoh.com\/wp-content\/uploads\/2025\/10\/noh.png","contentUrl":"https:\/\/estudionoh.com\/wp-content\/uploads\/2025\/10\/noh.png","width":1256,"height":1256},{"@type":"BreadcrumbList","@id":"https:\/\/estudionoh.com\/home\/projetos\/#breadcrumb","itemListElement":[{"@type":"ListItem","position":1,"name":"In\u00edcio","item":"https:\/\/navajowhite-wolverine-552096.hostingersite.com\/home\/"},{"@type":"ListItem","position":2,"name":"Projetos"}]},{"@type":"WebSite","@id":"https:\/\/navajowhite-wolverine-552096.hostingersite.com\/home\/#website","url":"https:\/\/navajowhite-wolverine-552096.hostingersite.com\/home\/","name":"Est\u00fadio Noh","description":"Site o est\u00fadio Noh, uma g\u00eancia de Marketing e Design 360","publisher":{"@id":"https:\/\/navajowhite-wolverine-552096.hostingersite.com\/home\/#organization"},"alternateName":"Noh","potentialAction":[{"@type":"SearchAction","target":{"@type":"EntryPoint","urlTemplate":"https:\/\/navajowhite-wolverine-552096.hostingersite.com\/home\/?s={search_term_string}"},"query-input":{"@type":"PropertyValueSpecification","valueRequired":true,"valueName":"search_term_string"}}],"inLanguage":"pt-BR"},{"@type":"Organization","@id":"https:\/\/navajowhite-wolverine-552096.hostingersite.com\/home\/#organization","name":"Est\u00fadio Noh","url":"https:\/\/navajowhite-wolverine-552096.hostingersite.com\/home\/","logo":{"@type":"ImageObject","inLanguage":"pt-BR","@id":"https:\/\/navajowhite-wolverine-552096.hostingersite.com\/home\/#\/schema\/logo\/image\/","url":"https:\/\/estudionoh.com\/wp-content\/uploads\/2025\/10\/noh.png","contentUrl":"https:\/\/estudionoh.com\/wp-content\/uploads\/2025\/10\/noh.png","width":1256,"height":1256,"caption":"Est\u00fadio Noh"},"image":{"@id":"https:\/\/navajowhite-wolverine-552096.hostingersite.com\/home\/#\/schema\/logo\/image\/"},"sameAs":["https:\/\/www.instagram.com\/noh.estudio","https:\/\/www.linkedin.com\/company\/estudio-noh"]}]}},"_hostinger_reach_plugin_has_subscription_block":false,"_hostinger_reach_plugin_is_elementor":false,"uagb_featured_image_src":{"full":["https:\/\/estudionoh.com\/wp-content\/uploads\/2025\/10\/noh.png",1256,1256,false],"thumbnail":["https:\/\/estudionoh.com\/wp-content\/uploads\/2025\/10\/noh-150x150.png",150,150,true],"medium":["https:\/\/estudionoh.com\/wp-content\/uploads\/2025\/10\/noh-300x300.png",300,300,true],"medium_large":["https:\/\/estudionoh.com\/wp-content\/uploads\/2025\/10\/noh-768x768.png",768,768,true],"large":["https:\/\/estudionoh.com\/wp-content\/uploads\/2025\/10\/noh-1024x1024.png",1024,1024,true],"1536x1536":["https:\/\/estudionoh.com\/wp-content\/uploads\/2025\/10\/noh.png",1256,1256,false],"2048x2048":["https:\/\/estudionoh.com\/wp-content\/uploads\/2025\/10\/noh.png",1256,1256,false]},"uagb_author_info":{"display_name":"estudionooh@gmail.com","author_link":"https:\/\/estudionoh.com\/home\/author\/estudionoohgmail-com\/"},"uagb_comment_info":0,"uagb_excerpt":"Projetos noh Somos o est\u00fadio criativo que transforma desafios em experi\u00eancias visuais \u00fanicas. A originalidade \u00e9 o nosso lema! Identidade [&hellip;]","_links":{"self":[{"href":"https:\/\/estudionoh.com\/home\/wp-json\/wp\/v2\/pages\/170","targetHints":{"allow":["GET"]}}],"collection":[{"href":"https:\/\/estudionoh.com\/home\/wp-json\/wp\/v2\/pages"}],"about":[{"href":"https:\/\/estudionoh.com\/home\/wp-json\/wp\/v2\/types\/page"}],"author":[{"embeddable":true,"href":"https:\/\/estudionoh.com\/home\/wp-json\/wp\/v2\/users\/1"}],"replies":[{"embeddable":true,"href":"https:\/\/estudionoh.com\/home\/wp-json\/wp\/v2\/comments?post=170"}],"version-history":[{"count":7,"href":"https:\/\/estudionoh.com\/home\/wp-json\/wp\/v2\/pages\/170\/revisions"}],"predecessor-version":[{"id":183,"href":"https:\/\/estudionoh.com\/home\/wp-json\/wp\/v2\/pages\/170\/revisions\/183"}],"wp:featuredmedia":[{"embeddable":true,"href":"https:\/\/estudionoh.com\/home\/wp-json\/wp\/v2\/media\/119"}],"wp:attachment":[{"href":"https:\/\/estudionoh.com\/home\/wp-json\/wp\/v2\/media?parent=170"}],"curies":[{"name":"wp","href":"https:\/\/api.w.org\/{rel}","templated":true}]}}