{"id":120,"date":"2025-10-21T15:14:50","date_gmt":"2025-10-21T15:14:50","guid":{"rendered":"https:\/\/estudionoh.com\/home\/?page_id=120"},"modified":"2025-10-21T16:01:57","modified_gmt":"2025-10-21T16:01:57","slug":"projeto-codemesh","status":"publish","type":"page","link":"https:\/\/estudionoh.com\/home\/projeto-codemesh\/","title":{"rendered":"Projeto Codemesh"},"content":{"rendered":"\t\t<div data-elementor-type=\"wp-page\" data-elementor-id=\"120\" class=\"elementor elementor-120\" data-elementor-post-type=\"page\">\n\t\t\t\t<div class=\"elementor-element elementor-element-686ab96 e-flex e-con-boxed e-con e-parent\" data-id=\"686ab96\" data-element_type=\"container\">\n\t\t\t\t\t<div class=\"e-con-inner\">\n\t\t\t\t<div class=\"elementor-element elementor-element-ab56753 elementor-widget elementor-widget-heading\" data-id=\"ab56753\" data-element_type=\"widget\" data-widget_type=\"heading.default\">\n\t\t\t\t\t<h2 class=\"elementor-heading-title elementor-size-default\">Codemesh |  Design e UX\/UI <\/h2>\t\t\t\t<\/div>\n\t\t\t\t<div class=\"elementor-element elementor-element-6abeafc elementor-widget elementor-widget-text-editor\" data-id=\"6abeafc\" data-element_type=\"widget\" data-widget_type=\"text-editor.default\">\n\t\t\t\t\t\t\t\t\t<p>Codemesh: do zero ao &#8216;Code It. Smash It. Mesh It.&#8217;<\/p>\t\t\t\t\t\t\t\t<\/div>\n\t\t\t\t\t<\/div>\n\t\t\t\t<\/div>\n\t\t<div class=\"elementor-element elementor-element-e045034 e-flex e-con-boxed e-con e-parent\" data-id=\"e045034\" data-element_type=\"container\">\n\t\t\t\t\t<div class=\"e-con-inner\">\n\t\t\t\t<div class=\"elementor-element elementor-element-19ecdbd elementor-widget elementor-widget-image\" data-id=\"19ecdbd\" data-element_type=\"widget\" data-widget_type=\"image.default\">\n\t\t\t\t\t\t\t\t\t\t\t\t\t\t\t<img fetchpriority=\"high\" decoding=\"async\" width=\"1024\" height=\"507\" src=\"https:\/\/estudionoh.com\/wp-content\/uploads\/2025\/10\/codeit-1024x507.webp\" class=\"attachment-large size-large wp-image-122\" alt=\"\" srcset=\"https:\/\/estudionoh.com\/wp-content\/uploads\/2025\/10\/codeit-1024x507.webp 1024w, https:\/\/estudionoh.com\/wp-content\/uploads\/2025\/10\/codeit-300x149.webp 300w, https:\/\/estudionoh.com\/wp-content\/uploads\/2025\/10\/codeit-768x381.webp 768w, https:\/\/estudionoh.com\/wp-content\/uploads\/2025\/10\/codeit-1536x761.webp 1536w, https:\/\/estudionoh.com\/wp-content\/uploads\/2025\/10\/codeit.webp 1780w\" sizes=\"(max-width: 1024px) 100vw, 1024px\" \/>\t\t\t\t\t\t\t\t\t\t\t\t\t\t\t<\/div>\n\t\t\t\t<div class=\"elementor-element elementor-element-03e69a2 elementor-widget elementor-widget-text-editor\" data-id=\"03e69a2\" data-element_type=\"widget\" data-widget_type=\"text-editor.default\">\n\t\t\t\t\t\t\t\t\t<p>A ess\u00eancia do Design<\/p>\t\t\t\t\t\t\t\t<\/div>\n\t\t\t\t<div class=\"elementor-element elementor-element-a469923 elementor-widget elementor-widget-text-editor\" data-id=\"a469923\" data-element_type=\"widget\" data-widget_type=\"text-editor.default\">\n\t\t\t\t\t\t\t\t\t<p>Tr\u00eas amigos, uma paix\u00e3o por <b>c\u00f3digo<\/b> e a ambi\u00e7\u00e3o de criar solu\u00e7\u00f5es digitais que realmente funcionam. <span class=\"citation-111 citation-end-111\">A <a href=\"https:\/\/codemesh.com.br\/\">Codemesh<\/a> <\/span><span class=\"citation-110\">chegou \u00e0 noh com a clareza de seus servi\u00e7os (desenvolvimento de sites e apps), mas precisava de uma <\/span><b>identidade visual<\/b><span class=\"citation-110 citation-end-110\"> e uma voz que traduzissem sua abordagem <\/span><span class=\"citation-109\">: <\/span><i>Simples, Jovem e Profissional<\/i>. <b>Em primeiro lugar<\/b><span class=\"citation-108\">, o desafio era criar um <\/span><i>branding<\/i><span class=\"citation-108 citation-end-108\"> que fosse t\u00e3o original quanto o conceito deles \u2013 afinal, ningu\u00e9m quer um site antigo que n\u00e3o d\u00e1 vontade de usar<\/span>.<\/p>\t\t\t\t\t\t\t\t<\/div>\n\t\t\t\t<div class=\"elementor-element elementor-element-a3f2f67 elementor-widget elementor-widget-text-editor\" data-id=\"a3f2f67\" data-element_type=\"widget\" data-widget_type=\"text-editor.default\">\n\t\t\t\t\t\t\t\t\t<p>Na noh, acreditamos que o design \u00e9 a ponte entre a beleza e a experi\u00eancia significativa. <b>Portanto<\/b>, nosso objetivo principal era <b>promover credibilidade e simplificar o processo criativo<\/b> para que a Codemesh pudesse focar no que faz de melhor: Code It. Smash It. <span class=\"citation-107 citation-end-107\">Mesh It.<\/span>.<\/p>\t\t\t\t\t\t\t\t<\/div>\n\t\t\t\t<div class=\"elementor-element elementor-element-a542be9 elementor-widget elementor-widget-text-editor\" data-id=\"a542be9\" data-element_type=\"widget\" data-widget_type=\"text-editor.default\">\n\t\t\t\t\t\t\t\t\t<p>O Design em conjunto: Estrat\u00e9gia e Solu\u00e7\u00e3o<\/p>\t\t\t\t\t\t\t\t<\/div>\n\t\t\t\t<div class=\"elementor-element elementor-element-b22c234 elementor-widget elementor-widget-text-editor\" data-id=\"b22c234\" data-element_type=\"widget\" data-widget_type=\"text-editor.default\">\n\t\t\t\t\t\t\t\t\t<p>O nosso processo se baseou na escuta ativa e na transpar\u00eancia, garantindo um fluxo leve e flu\u00eddo \u2013 o nosso lema de <b>Design em Conjunto.<\/b><\/p>\t\t\t\t\t\t\t\t<\/div>\n\t\t\t\t<div class=\"elementor-element elementor-element-65fa74e elementor-widget elementor-widget-text-editor\" data-id=\"65fa74e\" data-element_type=\"widget\" data-widget_type=\"text-editor.default\">\n\t\t\t\t\t\t\t\t\t<h4><b style=\"font-size: 16px; font-style: inherit; color: rgb(255, 255, 255);\">1. Encontrando a voz e a atitude da Marca (Branding)<\/b><\/h4>\n<p>Inicialmente, definimos o tom de voz da Codemesh: uma comunica\u00e7\u00e3o direta, inteligente e com atitude. <span class=\"citation-106\">Trabalhamos a <\/span><i>tagline<\/i><span class=\"citation-106\"> principal que encapsula o dinamismo da marca: <\/span><b>&#8220;CODE IT. SMASH IT. MESH IT.&#8221;<\/b><span class=\"citation-106 citation-end-106\"><source-footnote ng-version=\"0.0.0-PLACEHOLDER\" _nghost-ng-c3134149013=\"\"><sup _ngcontent-ng-c3134149013=\"\" class=\"superscript\" data-turn-source-index=\"6\"><!----><\/sup><\/source-footnote><\/span>.<\/p>\t\t\t\t\t\t\t\t<\/div>\n\t\t\t\t<div class=\"elementor-element elementor-element-429ca45 elementor-widget elementor-widget-text-editor\" data-id=\"429ca45\" data-element_type=\"widget\" data-widget_type=\"text-editor.default\">\n\t\t\t\t\t\t\t\t\t<h4><b style=\"font-size: 16px; font-style: inherit; color: #ffffff;\">2. Cria\u00e7\u00e3o da Identidade Visual (Design Gr\u00e1fico)<\/b><\/h4><p>Em seguida<span class=\"citation-105 citation-end-105\">, desenvolvemos um logo marcante e aplic\u00e1vel <\/span><span class=\"citation-104 citation-end-104\">, garantindo o espa\u00e7o de respiro ideal<\/span>. <b>Al\u00e9m disso<\/b><span class=\"citation-103 citation-end-103\">, a paleta de cores <\/span><span class=\"citation-102 citation-end-102\">e a tipografia (Space Grotesk prim\u00e1ria <\/span><span class=\"citation-101 citation-end-101\">, Inter secund\u00e1ria <\/span><span class=\"citation-100 citation-end-100\">) foram escolhidas para transmitir a ess\u00eancia Jovem e Profissional <\/span><span class=\"citation-99 citation-end-99\">, criando uma linguagem visual original<\/span>. <span class=\"citation-98 citation-end-98\">Criamos designs \u00fanicos que traduzem a ess\u00eancia do neg\u00f3cio, focando em elementos visuais que refor\u00e7am o conceito de &#8220;conex\u00e3o&#8221; e &#8220;mashup&#8221;<\/span>.<\/p>\t\t\t\t\t\t\t\t<\/div>\n\t\t\t\t<div class=\"elementor-element elementor-element-57934ac elementor-widget elementor-widget-text-editor\" data-id=\"57934ac\" data-element_type=\"widget\" data-widget_type=\"text-editor.default\">\n\t\t\t\t\t\t\t\t\t<h4><b style=\"font-size: 16px; font-style: inherit; color: #ffffff;\">3. Digital que d\u00e1 vontade de usar (UX e UI)<\/b><\/h4><p>Com a identidade definida, <b>ent\u00e3o <\/b>partimos para a arquitetura do novo site. Nosso foco em <b>UX\/UI Design<\/b> garantiu que a experi\u00eancia do usu\u00e1rio fosse t\u00e3o Simples e Profissional quanto a marca se prop\u00f5e a ser. O resultado foi um site que n\u00e3o s\u00f3 encanta, <b>mas que converte<\/b>, mostrando que <b>a gente cria o digital que d\u00e1 vontade de usar<\/b>. Afinal, este \u00e9 o reflexo de um projeto de <b>desenvolvimento de sites personalizados<\/b> e solu\u00e7\u00f5es sob medida.<\/p>\t\t\t\t\t\t\t\t<\/div>\n\t\t\t\t<div class=\"elementor-element elementor-element-cf659ed elementor-widget elementor-widget-text-editor\" data-id=\"cf659ed\" data-element_type=\"widget\" data-widget_type=\"text-editor.default\">\n\t\t\t\t\t\t\t\t\t<p>Resultados: A Nova Codemesh no Mercado<\/p>\t\t\t\t\t\t\t\t<\/div>\n\t\t\t\t<div class=\"elementor-element elementor-element-9c1f76a elementor-widget elementor-widget-text-editor\" data-id=\"9c1f76a\" data-element_type=\"widget\" data-widget_type=\"text-editor.default\">\n\t\t\t\t\t\t\t\t\t<p>A parceria com a noh n\u00e3o resultou apenas em um manual de marca; consequentemente, entregamos \u00e0 Codemesh um posicionamento robusto no mercado. Eles agora possuem uma <b>Identidade Visual <\/b>e um website de alta performance que reflete a sua paix\u00e3o por c\u00f3digo.<\/p><p>&nbsp;A Codemesh n\u00e3o est\u00e1 mais apenas desenvolvendo sites e apps, ela est\u00e1 dando um <b>noh<\/b> na experi\u00eancia digital de seus clientes com uma marca inconfund\u00edvel.<\/p>\t\t\t\t\t\t\t\t<\/div>\n\t\t\t\t\t<\/div>\n\t\t\t\t<\/div>\n\t\t\t\t<\/div>\n\t\t","protected":false},"excerpt":{"rendered":"<p>Codemesh | Design e UX\/UI Codemesh: do zero ao &#8216;Code It. Smash It. Mesh It.&#8217; A ess\u00eancia do Design Tr\u00eas [&hellip;]<\/p>\n","protected":false},"author":1,"featured_media":122,"parent":0,"menu_order":0,"comment_status":"closed","ping_status":"closed","template":"","meta":{"_uag_custom_page_level_css":"","site-sidebar-layout":"no-sidebar","site-content-layout":"","ast-site-content-layout":"full-width-container","site-content-style":"default","site-sidebar-style":"default","ast-global-header-display":"","ast-banner-title-visibility":"","ast-main-header-display":"","ast-hfb-above-header-display":"","ast-hfb-below-header-display":"","ast-hfb-mobile-header-display":"","site-post-title":"disabled","ast-breadcrumbs-content":"","ast-featured-img":"disabled","footer-sml-layout":"","theme-transparent-header-meta":"","adv-header-id-meta":"","stick-header-meta":"","header-above-stick-meta":"","header-main-stick-meta":"","header-below-stick-meta":"","astra-migrate-meta-layouts":"default","ast-page-background-enabled":"default","ast-page-background-meta":{"desktop":{"background-color":"var(--ast-global-color-5)","background-image":"","background-repeat":"repeat","background-position":"center center","background-size":"auto","background-attachment":"scroll","background-type":"","background-media":"","overlay-type":"","overlay-color":"","overlay-opacity":"","overlay-gradient":""},"tablet":{"background-color":"","background-image":"","background-repeat":"repeat","background-position":"center center","background-size":"auto","background-attachment":"scroll","background-type":"","background-media":"","overlay-type":"","overlay-color":"","overlay-opacity":"","overlay-gradient":""},"mobile":{"background-color":"","background-image":"","background-repeat":"repeat","background-position":"center center","background-size":"auto","background-attachment":"scroll","background-type":"","background-media":"","overlay-type":"","overlay-color":"","overlay-opacity":"","overlay-gradient":""}},"ast-content-background-meta":{"desktop":{"background-color":"var(--ast-global-color-4)","background-image":"","background-repeat":"repeat","background-position":"center center","background-size":"auto","background-attachment":"scroll","background-type":"","background-media":"","overlay-type":"","overlay-color":"","overlay-opacity":"","overlay-gradient":""},"tablet":{"background-color":"var(--ast-global-color-4)","background-image":"","background-repeat":"repeat","background-position":"center center","background-size":"auto","background-attachment":"scroll","background-type":"","background-media":"","overlay-type":"","overlay-color":"","overlay-opacity":"","overlay-gradient":""},"mobile":{"background-color":"var(--ast-global-color-4)","background-image":"","background-repeat":"repeat","background-position":"center center","background-size":"auto","background-attachment":"scroll","background-type":"","background-media":"","overlay-type":"","overlay-color":"","overlay-opacity":"","overlay-gradient":""}},"footnotes":""},"class_list":["post-120","page","type-page","status-publish","has-post-thumbnail","hentry"],"yoast_head":"<!-- This site is optimized with the Yoast SEO plugin v26.1.1 - https:\/\/yoast.com\/wordpress\/plugins\/seo\/ -->\n<title>Branding e UX\/UI Design: noh eleva a Codemesh em Sites Personalizados<\/title>\n<meta name=\"description\" content=\"Demos um noh na Codemesh: Criamos uma identidade visual e UX\/UI Design que traduz a ess\u00eancia da marca, gerando o digital que d\u00e1 vontade de usar. Projetos de desenvolvimento de sites personalizados com originalidade.\" \/>\n<meta name=\"robots\" content=\"index, follow, max-snippet:-1, max-image-preview:large, max-video-preview:-1\" \/>\n<link rel=\"canonical\" href=\"https:\/\/estudionoh.com\/home\/projeto-codemesh\/\" \/>\n<meta property=\"og:locale\" content=\"pt_BR\" \/>\n<meta property=\"og:type\" content=\"article\" \/>\n<meta property=\"og:title\" content=\"noh &amp; Codemesh: Demos um noh no Branding e UX\/UI de quem faz: CODE IT. SMASH IT. MESH IT.\" \/>\n<meta property=\"og:description\" content=\"Tr\u00eas amigos, uma marca e a gente. A Codemesh precisava de uma Identidade Visual, UX\/UI e um site que fossem t\u00e3o originais quanto o conceito deles. Nosso Design em Conjunto transformou o visual e a voz da marca, garantindo o digital que d\u00e1 vontade de usar.\" \/>\n<meta property=\"og:url\" content=\"https:\/\/estudionoh.com\/home\/projeto-codemesh\/\" \/>\n<meta property=\"og:site_name\" content=\"Est\u00fadio Noh\" \/>\n<meta property=\"article:modified_time\" content=\"2025-10-21T16:01:57+00:00\" \/>\n<meta property=\"og:image\" content=\"https:\/\/estudionoh.com\/wp-content\/uploads\/2025\/10\/codeit.webp\" \/>\n\t<meta property=\"og:image:width\" content=\"1780\" \/>\n\t<meta property=\"og:image:height\" content=\"882\" \/>\n\t<meta property=\"og:image:type\" content=\"image\/webp\" \/>\n<meta name=\"twitter:card\" content=\"summary_large_image\" \/>\n<meta name=\"twitter:label1\" content=\"Est. tempo de leitura\" \/>\n\t<meta name=\"twitter:data1\" content=\"3 minutos\" \/>\n<script type=\"application\/ld+json\" class=\"yoast-schema-graph\">{\"@context\":\"https:\/\/schema.org\",\"@graph\":[{\"@type\":\"WebPage\",\"@id\":\"https:\/\/estudionoh.com\/home\/projeto-codemesh\/\",\"url\":\"https:\/\/estudionoh.com\/home\/projeto-codemesh\/\",\"name\":\"Branding e UX\/UI Design: noh eleva a Codemesh em Sites Personalizados\",\"isPartOf\":{\"@id\":\"https:\/\/navajowhite-wolverine-552096.hostingersite.com\/home\/#website\"},\"primaryImageOfPage\":{\"@id\":\"https:\/\/estudionoh.com\/home\/projeto-codemesh\/#primaryimage\"},\"image\":{\"@id\":\"https:\/\/estudionoh.com\/home\/projeto-codemesh\/#primaryimage\"},\"thumbnailUrl\":\"https:\/\/estudionoh.com\/wp-content\/uploads\/2025\/10\/codeit.webp\",\"datePublished\":\"2025-10-21T15:14:50+00:00\",\"dateModified\":\"2025-10-21T16:01:57+00:00\",\"description\":\"Demos um noh na Codemesh: Criamos uma identidade visual e UX\/UI Design que traduz a ess\u00eancia da marca, gerando o digital que d\u00e1 vontade de usar. Projetos de desenvolvimento de sites personalizados com originalidade.\",\"breadcrumb\":{\"@id\":\"https:\/\/estudionoh.com\/home\/projeto-codemesh\/#breadcrumb\"},\"inLanguage\":\"pt-BR\",\"potentialAction\":[{\"@type\":\"ReadAction\",\"target\":[\"https:\/\/estudionoh.com\/home\/projeto-codemesh\/\"]}]},{\"@type\":\"ImageObject\",\"inLanguage\":\"pt-BR\",\"@id\":\"https:\/\/estudionoh.com\/home\/projeto-codemesh\/#primaryimage\",\"url\":\"https:\/\/estudionoh.com\/wp-content\/uploads\/2025\/10\/codeit.webp\",\"contentUrl\":\"https:\/\/estudionoh.com\/wp-content\/uploads\/2025\/10\/codeit.webp\",\"width\":1780,\"height\":882},{\"@type\":\"BreadcrumbList\",\"@id\":\"https:\/\/estudionoh.com\/home\/projeto-codemesh\/#breadcrumb\",\"itemListElement\":[{\"@type\":\"ListItem\",\"position\":1,\"name\":\"In\u00edcio\",\"item\":\"https:\/\/navajowhite-wolverine-552096.hostingersite.com\/home\/\"},{\"@type\":\"ListItem\",\"position\":2,\"name\":\"Projeto Codemesh\"}]},{\"@type\":\"WebSite\",\"@id\":\"https:\/\/navajowhite-wolverine-552096.hostingersite.com\/home\/#website\",\"url\":\"https:\/\/navajowhite-wolverine-552096.hostingersite.com\/home\/\",\"name\":\"Est\u00fadio Noh\",\"description\":\"Site o est\u00fadio Noh, uma g\u00eancia de Marketing e Design 360\",\"publisher\":{\"@id\":\"https:\/\/navajowhite-wolverine-552096.hostingersite.com\/home\/#organization\"},\"alternateName\":\"Noh\",\"potentialAction\":[{\"@type\":\"SearchAction\",\"target\":{\"@type\":\"EntryPoint\",\"urlTemplate\":\"https:\/\/navajowhite-wolverine-552096.hostingersite.com\/home\/?s={search_term_string}\"},\"query-input\":{\"@type\":\"PropertyValueSpecification\",\"valueRequired\":true,\"valueName\":\"search_term_string\"}}],\"inLanguage\":\"pt-BR\"},{\"@type\":\"Organization\",\"@id\":\"https:\/\/navajowhite-wolverine-552096.hostingersite.com\/home\/#organization\",\"name\":\"Est\u00fadio Noh\",\"url\":\"https:\/\/navajowhite-wolverine-552096.hostingersite.com\/home\/\",\"logo\":{\"@type\":\"ImageObject\",\"inLanguage\":\"pt-BR\",\"@id\":\"https:\/\/navajowhite-wolverine-552096.hostingersite.com\/home\/#\/schema\/logo\/image\/\",\"url\":\"https:\/\/estudionoh.com\/wp-content\/uploads\/2025\/10\/noh.png\",\"contentUrl\":\"https:\/\/estudionoh.com\/wp-content\/uploads\/2025\/10\/noh.png\",\"width\":1256,\"height\":1256,\"caption\":\"Est\u00fadio Noh\"},\"image\":{\"@id\":\"https:\/\/navajowhite-wolverine-552096.hostingersite.com\/home\/#\/schema\/logo\/image\/\"},\"sameAs\":[\"https:\/\/www.instagram.com\/noh.estudio\",\"https:\/\/www.linkedin.com\/company\/estudio-noh\"]}]}<\/script>\n<!-- \/ Yoast SEO plugin. -->","yoast_head_json":{"title":"Branding e UX\/UI Design: noh eleva a Codemesh em Sites Personalizados","description":"Demos um noh na Codemesh: Criamos uma identidade visual e UX\/UI Design que traduz a ess\u00eancia da marca, gerando o digital que d\u00e1 vontade de usar. Projetos de desenvolvimento de sites personalizados com originalidade.","robots":{"index":"index","follow":"follow","max-snippet":"max-snippet:-1","max-image-preview":"max-image-preview:large","max-video-preview":"max-video-preview:-1"},"canonical":"https:\/\/estudionoh.com\/home\/projeto-codemesh\/","og_locale":"pt_BR","og_type":"article","og_title":"noh & Codemesh: Demos um noh no Branding e UX\/UI de quem faz: CODE IT. SMASH IT. MESH IT.","og_description":"Tr\u00eas amigos, uma marca e a gente. A Codemesh precisava de uma Identidade Visual, UX\/UI e um site que fossem t\u00e3o originais quanto o conceito deles. Nosso Design em Conjunto transformou o visual e a voz da marca, garantindo o digital que d\u00e1 vontade de usar.","og_url":"https:\/\/estudionoh.com\/home\/projeto-codemesh\/","og_site_name":"Est\u00fadio Noh","article_modified_time":"2025-10-21T16:01:57+00:00","og_image":[{"width":1780,"height":882,"url":"https:\/\/estudionoh.com\/wp-content\/uploads\/2025\/10\/codeit.webp","type":"image\/webp"}],"twitter_card":"summary_large_image","twitter_misc":{"Est. tempo de leitura":"3 minutos"},"schema":{"@context":"https:\/\/schema.org","@graph":[{"@type":"WebPage","@id":"https:\/\/estudionoh.com\/home\/projeto-codemesh\/","url":"https:\/\/estudionoh.com\/home\/projeto-codemesh\/","name":"Branding e UX\/UI Design: noh eleva a Codemesh em Sites Personalizados","isPartOf":{"@id":"https:\/\/navajowhite-wolverine-552096.hostingersite.com\/home\/#website"},"primaryImageOfPage":{"@id":"https:\/\/estudionoh.com\/home\/projeto-codemesh\/#primaryimage"},"image":{"@id":"https:\/\/estudionoh.com\/home\/projeto-codemesh\/#primaryimage"},"thumbnailUrl":"https:\/\/estudionoh.com\/wp-content\/uploads\/2025\/10\/codeit.webp","datePublished":"2025-10-21T15:14:50+00:00","dateModified":"2025-10-21T16:01:57+00:00","description":"Demos um noh na Codemesh: Criamos uma identidade visual e UX\/UI Design que traduz a ess\u00eancia da marca, gerando o digital que d\u00e1 vontade de usar. Projetos de desenvolvimento de sites personalizados com originalidade.","breadcrumb":{"@id":"https:\/\/estudionoh.com\/home\/projeto-codemesh\/#breadcrumb"},"inLanguage":"pt-BR","potentialAction":[{"@type":"ReadAction","target":["https:\/\/estudionoh.com\/home\/projeto-codemesh\/"]}]},{"@type":"ImageObject","inLanguage":"pt-BR","@id":"https:\/\/estudionoh.com\/home\/projeto-codemesh\/#primaryimage","url":"https:\/\/estudionoh.com\/wp-content\/uploads\/2025\/10\/codeit.webp","contentUrl":"https:\/\/estudionoh.com\/wp-content\/uploads\/2025\/10\/codeit.webp","width":1780,"height":882},{"@type":"BreadcrumbList","@id":"https:\/\/estudionoh.com\/home\/projeto-codemesh\/#breadcrumb","itemListElement":[{"@type":"ListItem","position":1,"name":"In\u00edcio","item":"https:\/\/navajowhite-wolverine-552096.hostingersite.com\/home\/"},{"@type":"ListItem","position":2,"name":"Projeto Codemesh"}]},{"@type":"WebSite","@id":"https:\/\/navajowhite-wolverine-552096.hostingersite.com\/home\/#website","url":"https:\/\/navajowhite-wolverine-552096.hostingersite.com\/home\/","name":"Est\u00fadio Noh","description":"Site o est\u00fadio Noh, uma g\u00eancia de Marketing e Design 360","publisher":{"@id":"https:\/\/navajowhite-wolverine-552096.hostingersite.com\/home\/#organization"},"alternateName":"Noh","potentialAction":[{"@type":"SearchAction","target":{"@type":"EntryPoint","urlTemplate":"https:\/\/navajowhite-wolverine-552096.hostingersite.com\/home\/?s={search_term_string}"},"query-input":{"@type":"PropertyValueSpecification","valueRequired":true,"valueName":"search_term_string"}}],"inLanguage":"pt-BR"},{"@type":"Organization","@id":"https:\/\/navajowhite-wolverine-552096.hostingersite.com\/home\/#organization","name":"Est\u00fadio Noh","url":"https:\/\/navajowhite-wolverine-552096.hostingersite.com\/home\/","logo":{"@type":"ImageObject","inLanguage":"pt-BR","@id":"https:\/\/navajowhite-wolverine-552096.hostingersite.com\/home\/#\/schema\/logo\/image\/","url":"https:\/\/estudionoh.com\/wp-content\/uploads\/2025\/10\/noh.png","contentUrl":"https:\/\/estudionoh.com\/wp-content\/uploads\/2025\/10\/noh.png","width":1256,"height":1256,"caption":"Est\u00fadio Noh"},"image":{"@id":"https:\/\/navajowhite-wolverine-552096.hostingersite.com\/home\/#\/schema\/logo\/image\/"},"sameAs":["https:\/\/www.instagram.com\/noh.estudio","https:\/\/www.linkedin.com\/company\/estudio-noh"]}]}},"_hostinger_reach_plugin_has_subscription_block":false,"_hostinger_reach_plugin_is_elementor":false,"uagb_featured_image_src":{"full":["https:\/\/estudionoh.com\/wp-content\/uploads\/2025\/10\/codeit.webp",1780,882,false],"thumbnail":["https:\/\/estudionoh.com\/wp-content\/uploads\/2025\/10\/codeit-150x150.webp",150,150,true],"medium":["https:\/\/estudionoh.com\/wp-content\/uploads\/2025\/10\/codeit-300x149.webp",300,149,true],"medium_large":["https:\/\/estudionoh.com\/wp-content\/uploads\/2025\/10\/codeit-768x381.webp",768,381,true],"large":["https:\/\/estudionoh.com\/wp-content\/uploads\/2025\/10\/codeit-1024x507.webp",1024,507,true],"1536x1536":["https:\/\/estudionoh.com\/wp-content\/uploads\/2025\/10\/codeit-1536x761.webp",1536,761,true],"2048x2048":["https:\/\/estudionoh.com\/wp-content\/uploads\/2025\/10\/codeit.webp",1780,882,false]},"uagb_author_info":{"display_name":"estudionooh@gmail.com","author_link":"https:\/\/estudionoh.com\/home\/author\/estudionoohgmail-com\/"},"uagb_comment_info":0,"uagb_excerpt":"Codemesh | Design e UX\/UI Codemesh: do zero ao &#8216;Code It. Smash It. Mesh It.&#8217; A ess\u00eancia do Design Tr\u00eas [&hellip;]","_links":{"self":[{"href":"https:\/\/estudionoh.com\/home\/wp-json\/wp\/v2\/pages\/120","targetHints":{"allow":["GET"]}}],"collection":[{"href":"https:\/\/estudionoh.com\/home\/wp-json\/wp\/v2\/pages"}],"about":[{"href":"https:\/\/estudionoh.com\/home\/wp-json\/wp\/v2\/types\/page"}],"author":[{"embeddable":true,"href":"https:\/\/estudionoh.com\/home\/wp-json\/wp\/v2\/users\/1"}],"replies":[{"embeddable":true,"href":"https:\/\/estudionoh.com\/home\/wp-json\/wp\/v2\/comments?post=120"}],"version-history":[{"count":11,"href":"https:\/\/estudionoh.com\/home\/wp-json\/wp\/v2\/pages\/120\/revisions"}],"predecessor-version":[{"id":216,"href":"https:\/\/estudionoh.com\/home\/wp-json\/wp\/v2\/pages\/120\/revisions\/216"}],"wp:featuredmedia":[{"embeddable":true,"href":"https:\/\/estudionoh.com\/home\/wp-json\/wp\/v2\/media\/122"}],"wp:attachment":[{"href":"https:\/\/estudionoh.com\/home\/wp-json\/wp\/v2\/media?parent=120"}],"curies":[{"name":"wp","href":"https:\/\/api.w.org\/{rel}","templated":true}]}}